{"id":578,"date":"2025-10-26T12:06:29","date_gmt":"2025-10-26T11:06:29","guid":{"rendered":"https:\/\/csvrforms.ch\/?page_id=578"},"modified":"2025-10-26T12:38:24","modified_gmt":"2025-10-26T11:38:24","slug":"comment-sy-retrouver-dans-toutes-ces-varietes-de-tablettes","status":"publish","type":"page","link":"https:\/\/csvrforms.ch\/?page_id=578","title":{"rendered":"Comment s&rsquo;y retrouver dans toutes cette vari\u00e9t\u00e9 de tablettes ?"},"content":{"rendered":"\n<p>Nous assistons \u00e0 une augmentation r\u00e9guli\u00e8re du nombre de tablettes dans les classes. Il n&rsquo;est pas \u00e9vident de faire la diff\u00e9rence entre toutes ces machines. Cette page tente de clarifier les choses :<\/p>\n\n\n<style>#sp-ea-591 .spcollapsing { height: 0; overflow: hidden; transition-property: height;transition-duration: 300ms;}#sp-ea-591.sp-easy-accordion>.sp-ea-single {margin-bottom: 10px; border: 1px solid #e2e2e2; }#sp-ea-591.sp-easy-accordion>.sp-ea-single>.ea-header a {color: #444;}#sp-ea-591.sp-easy-accordion>.sp-ea-single>.sp-collapse>.ea-body {background: #fff; color: #444;}#sp-ea-591.sp-easy-accordion>.sp-ea-single {background: #eee;}#sp-ea-591.sp-easy-accordion>.sp-ea-single>.ea-header a .ea-expand-icon { float: left; color: #444;font-size: 16px;}<\/style><div id=\"sp_easy_accordion-1761477850\"><div id=\"sp-ea-591\" class=\"sp-ea-one sp-easy-accordion\" data-ea-active=\"ea-click\" data-ea-mode=\"vertical\" data-preloader=\"\" data-scroll-active-item=\"\" data-offset-to-scroll=\"0\"><div class=\"ea-card sp-ea-single\"><h3 class=\"ea-header\"><a class=\"collapsed\" id=\"ea-header-5910\" role=\"button\" data-sptoggle=\"spcollapse\" data-sptarget=\"#collapse5910\" aria-controls=\"collapse5910\" href=\"#\" aria-expanded=\"false\" tabindex=\"0\"><i aria-hidden=\"true\" role=\"presentation\" class=\"ea-expand-icon eap-icon-ea-expand-plus\"><\/i> 1. Tablettes priv\u00e9es appartenant \u00e0 l'enseignant-e<\/a><\/h3><div class=\"sp-collapse spcollapse spcollapse\" id=\"collapse5910\" data-parent=\"#sp-ea-591\" role=\"region\" aria-labelledby=\"ea-header-5910\"> <div class=\"ea-body\"><p>Sont g\u00e9r\u00e9es par lui et ne sont pas int\u00e9gr\u00e9es au syst\u00e8me de gestion \u00e0 distance. L\u2019enseignant-e en est compl\u00e8tement responsable.<\/p><\/div><\/div><\/div><div class=\"ea-card sp-ea-single\"><h3 class=\"ea-header\"><a class=\"collapsed\" id=\"ea-header-5911\" role=\"button\" data-sptoggle=\"spcollapse\" data-sptarget=\"#collapse5911\" aria-controls=\"collapse5911\" href=\"#\" aria-expanded=\"false\" tabindex=\"0\"><i aria-hidden=\"true\" role=\"presentation\" class=\"ea-expand-icon eap-icon-ea-expand-plus\"><\/i> 2. Tablettes attribu\u00e9es aux \u00e9l\u00e8ves<\/a><\/h3><div class=\"sp-collapse spcollapse spcollapse\" id=\"collapse5911\" data-parent=\"#sp-ea-591\" role=\"region\" aria-labelledby=\"ea-header-5911\"> <div class=\"ea-body\"><p>A. IPAD *APITAB* cantonal (OES) : correspond \u00e0 un plan de mesures (PM) et est pr\u00eat\u00e9 \u00e0 l\u2019\u00e9l\u00e8ve tant qu\u2019il en a besoin, au maximum jusqu\u2019\u00e0 ce qu\u2019il quitte la scolarit\u00e9 obligatoire du canton de Neuch\u00e2tel.<\/p><p>B. IPAD *CSVRTAB API* : est confi\u00e9 provisoirement \u00e0 l\u2019\u00e9l\u00e8ve, sous la responsabilit\u00e9 de la r\u00e9f\u00e9rente BEP API. Ces IPADS permettent de pallier au nombre insuffisant d\u2019APITAB cantonaux (OES).<\/p><p>C. Tablette priv\u00e9e de l\u2019\u00e9l\u00e8ve, correspondant \u00e0 un PPI API (tablettes pay\u00e9es par l\u2019AI ou les parents, selon l\u2019ancienne proc\u00e9dure valable jusqu\u2019en 2024). <strong>De nouvelles tablettes priv\u00e9es ne sont plus autoris\u00e9es.<\/strong><\/p><p><a href=\"https:\/\/plateforme.csvr.ch\/demande-ipad-oes\">Lien vers la demande d'IPAD OES sur la plateforme CSVR.<\/a><\/p><\/div><\/div><\/div><div class=\"ea-card sp-ea-single\"><h3 class=\"ea-header\"><a class=\"collapsed\" id=\"ea-header-5912\" role=\"button\" data-sptoggle=\"spcollapse\" data-sptarget=\"#collapse5912\" aria-controls=\"collapse5912\" href=\"#\" aria-expanded=\"false\" tabindex=\"0\"><i aria-hidden=\"true\" role=\"presentation\" class=\"ea-expand-icon eap-icon-ea-expand-plus\"><\/i> 3. IPADS *CSVRTAB* attribu\u00e9s aux enseignant-e-s pour leur classe\/groupe\/branche :<\/a><\/h3><div class=\"sp-collapse spcollapse spcollapse\" id=\"collapse5912\" data-parent=\"#sp-ea-591\" role=\"region\" aria-labelledby=\"ea-header-5912\"> <div class=\"ea-body\"><p>Sur demande de l\u2019enseignant-e, qui doit fournir un projet p\u00e9dagogique et s\u2019engager \u00e0 effectuer r\u00e9guli\u00e8rement les mises \u00e0 jour. La remise de ces IPADS d\u00e9pend du stock \u00e0 disposition.<\/p><p><a href=\"https:\/\/plateforme.csvr.ch\/demande-ipad\">Lien vers la demande d'IPAD de classe sur la plateforme CSVR.<\/a><\/p><\/div><\/div><\/div><div class=\"ea-card sp-ea-single\"><h3 class=\"ea-header\"><a class=\"collapsed\" id=\"ea-header-5913\" role=\"button\" data-sptoggle=\"spcollapse\" data-sptarget=\"#collapse5913\" aria-controls=\"collapse5913\" href=\"#\" aria-expanded=\"false\" tabindex=\"0\"><i aria-hidden=\"true\" role=\"presentation\" class=\"ea-expand-icon eap-icon-ea-expand-plus\"><\/i> 4. IPADS *CSVRTAB* de la biblioth\u00e8que de la la Fontenelle :<\/a><\/h3><div class=\"sp-collapse spcollapse spcollapse\" id=\"collapse5913\" data-parent=\"#sp-ea-591\" role=\"region\" aria-labelledby=\"ea-header-5913\"> <div class=\"ea-body\"><p>Peuvent \u00eatre emprunt\u00e9s par les classes du C3 sur r\u00e9servation (Pronote ou \u00e0 la biblioth\u00e8que).<\/p><\/div><\/div><\/div><div class=\"ea-card sp-ea-single\"><h3 class=\"ea-header\"><a class=\"collapsed\" id=\"ea-header-5914\" role=\"button\" data-sptoggle=\"spcollapse\" data-sptarget=\"#collapse5914\" aria-controls=\"collapse5914\" href=\"#\" aria-expanded=\"false\" tabindex=\"0\"><i aria-hidden=\"true\" role=\"presentation\" class=\"ea-expand-icon eap-icon-ea-expand-plus\"><\/i> 5. IPADS *OISOTAB*, *SOUTIENTAB* :<\/a><\/h3><div class=\"sp-collapse spcollapse spcollapse\" id=\"collapse5914\" data-parent=\"#sp-ea-591\" role=\"region\" aria-labelledby=\"ea-header-5914\"> <div class=\"ea-body\"><p>Attribu\u00e9s aux enseignant-e-s de soutien \/ \u00e9quipe ressource \/ FS . (1 machine par personne, pay\u00e9e par le canton.). Pr\u00eat g\u00e9r\u00e9 par le canton en lien avec la direction et le secr\u00e9tariat.<\/p><\/div><\/div><\/div><\/div><\/div>\n\n\n\n<p><strong><em>L\u00e9gende :<\/em><\/strong><\/p>\n\n\n\n<p><em>Tous les IPADS comportant des ast\u00e9risques *&#8212;* sont int\u00e9gr\u00e9s au syst\u00e8me de gestion \u00e0 distance. Ils portent un nom et un num\u00e9ro (csvrtab261, apitab235, oisotab502, soutientab234&#8230;). Sur leur bureau, le HUB Omnissa est pr\u00e9sent.<\/em><\/p>\n\n\n\n<figure class=\"wp-block-image size-large\"><img loading=\"lazy\" decoding=\"async\" width=\"1024\" height=\"164\" src=\"https:\/\/csvrforms.ch\/wp-content\/uploads\/2025\/10\/HUB-1024x164.jpg\" alt=\"\" class=\"wp-image-579\" srcset=\"https:\/\/csvrforms.ch\/wp-content\/uploads\/2025\/10\/HUB-1024x164.jpg 1024w, https:\/\/csvrforms.ch\/wp-content\/uploads\/2025\/10\/HUB-300x48.jpg 300w, https:\/\/csvrforms.ch\/wp-content\/uploads\/2025\/10\/HUB-768x123.jpg 768w, https:\/\/csvrforms.ch\/wp-content\/uploads\/2025\/10\/HUB.jpg 1402w\" sizes=\"auto, (max-width: 1024px) 100vw, 1024px\" \/><\/figure>\n","protected":false},"excerpt":{"rendered":"<p>Nous assistons \u00e0 une augmentation r\u00e9guli\u00e8re du nombre de tablettes dans les classes. Il n&rsquo;est pas \u00e9vident de faire la diff\u00e9rence entre toutes ces machines. Cette page tente de clarifier les choses : L\u00e9gende : Tous les IPADS comportant des ast\u00e9risques *&#8212;* sont int\u00e9gr\u00e9s au syst\u00e8me de gestion \u00e0 distance. Ils portent un nom et [&hellip;]<\/p>\n","protected":false},"author":2,"featured_media":0,"parent":0,"menu_order":0,"comment_status":"closed","ping_status":"closed","template":"","meta":{"_view_id":"","footnotes":"[]"},"class_list":["post-578","page","type-page","status-publish","hentry"],"_links":{"self":[{"href":"https:\/\/csvrforms.ch\/index.php?rest_route=\/wp\/v2\/pages\/578","targetHints":{"allow":["GET"]}}],"collection":[{"href":"https:\/\/csvrforms.ch\/index.php?rest_route=\/wp\/v2\/pages"}],"about":[{"href":"https:\/\/csvrforms.ch\/index.php?rest_route=\/wp\/v2\/types\/page"}],"author":[{"embeddable":true,"href":"https:\/\/csvrforms.ch\/index.php?rest_route=\/wp\/v2\/users\/2"}],"replies":[{"embeddable":true,"href":"https:\/\/csvrforms.ch\/index.php?rest_route=%2Fwp%2Fv2%2Fcomments&post=578"}],"version-history":[{"count":7,"href":"https:\/\/csvrforms.ch\/index.php?rest_route=\/wp\/v2\/pages\/578\/revisions"}],"predecessor-version":[{"id":595,"href":"https:\/\/csvrforms.ch\/index.php?rest_route=\/wp\/v2\/pages\/578\/revisions\/595"}],"wp:attachment":[{"href":"https:\/\/csvrforms.ch\/index.php?rest_route=%2Fwp%2Fv2%2Fmedia&parent=578"}],"curies":[{"name":"wp","href":"https:\/\/api.w.org\/{rel}","templated":true}]}}