{"id":437,"date":"2023-07-30T23:46:51","date_gmt":"2023-07-30T21:46:51","guid":{"rendered":"https:\/\/csvrforms.ch\/?page_id=437"},"modified":"2023-07-30T23:47:36","modified_gmt":"2023-07-30T21:47:36","slug":"sauvegarde-des-fichiers-de-la-tablette","status":"publish","type":"page","link":"https:\/\/csvrforms.ch\/?page_id=437","title":{"rendered":"Sauvegarde des fichiers de la tablette"},"content":{"rendered":"<style>#sp-ea-436 .spcollapsing { height: 0; overflow: hidden; transition-property: height;transition-duration: 300ms;}#sp-ea-436.sp-easy-accordion>.sp-ea-single {margin-bottom: 10px; border: 1px solid #e2e2e2; }#sp-ea-436.sp-easy-accordion>.sp-ea-single>.ea-header a {color: #444;}#sp-ea-436.sp-easy-accordion>.sp-ea-single>.sp-collapse>.ea-body {background: #fff; color: #444;}#sp-ea-436.sp-easy-accordion>.sp-ea-single {background: #eee;}#sp-ea-436.sp-easy-accordion>.sp-ea-single>.ea-header a .ea-expand-icon { float: left; color: #444;font-size: 16px;}<\/style><div id=\"sp_easy_accordion-1690743561\"><div id=\"sp-ea-436\" class=\"sp-ea-one sp-easy-accordion\" data-ea-active=\"ea-click\" data-ea-mode=\"vertical\" data-preloader=\"\" data-scroll-active-item=\"\" data-offset-to-scroll=\"0\"><div class=\"ea-card sp-ea-single\"><h3 class=\"ea-header\"><a class=\"collapsed\" id=\"ea-header-4360\" role=\"button\" data-sptoggle=\"spcollapse\" data-sptarget=\"#collapse4360\" aria-controls=\"collapse4360\" href=\"#\" aria-expanded=\"false\" tabindex=\"0\"><i aria-hidden=\"true\" role=\"presentation\" class=\"ea-expand-icon eap-icon-ea-expand-plus\"><\/i> M\u00e9thode 1 : par Webmail<\/a><\/h3><div class=\"sp-collapse spcollapse spcollapse\" id=\"collapse4360\" data-parent=\"#sp-ea-436\" role=\"region\" aria-labelledby=\"ea-header-4360\"> <div class=\"ea-body\"><p>Connectez-vous avec votre webmail (ex: mail.rpn.ch) sur la tablette et envoyez les fichiers \u00e0 votre propre adresse en tant que pi\u00e8ce jointe.<\/p><p>Avantage : facile, ne requiert pas de mat\u00e9riel ou de programmes suppl\u00e9mentaires.<\/p><p>Inconv\u00e9nients : n\u00e9cessite une connexion Internet. Limit\u00e9 en taille (15 Mo, ne fonctionne pas pour des vid\u00e9os.)<\/p><\/div><\/div><\/div><div class=\"ea-card sp-ea-single\"><h3 class=\"ea-header\"><a class=\"collapsed\" id=\"ea-header-4361\" role=\"button\" data-sptoggle=\"spcollapse\" data-sptarget=\"#collapse4361\" aria-controls=\"collapse4361\" href=\"#\" aria-expanded=\"false\" tabindex=\"0\"><i aria-hidden=\"true\" role=\"presentation\" class=\"ea-expand-icon eap-icon-ea-expand-plus\"><\/i> M\u00e9thode 2: avec RPNOMADE<\/a><\/h3><div class=\"sp-collapse spcollapse spcollapse\" id=\"collapse4361\" data-parent=\"#sp-ea-436\" role=\"region\" aria-labelledby=\"ea-header-4361\"> <div class=\"ea-body\"><p>Configurer RPNOMADE sur la tablette.<\/p><p>Avantage : pas limit\u00e9 en taille de fichiers. Documents directement copi\u00e9s sur votre compte RPN.<\/p><p>Inconv\u00e9nients : relativement compliqu\u00e9 \u00e0 configurer. Pas utilisable par les \u00e9l\u00e8ves.<\/p><\/div><\/div><\/div><div class=\"ea-card sp-ea-single\"><h3 class=\"ea-header\"><a class=\"collapsed\" id=\"ea-header-4362\" role=\"button\" data-sptoggle=\"spcollapse\" data-sptarget=\"#collapse4362\" aria-controls=\"collapse4362\" href=\"#\" aria-expanded=\"false\" tabindex=\"0\"><i aria-hidden=\"true\" role=\"presentation\" class=\"ea-expand-icon eap-icon-ea-expand-plus\"><\/i> M\u00e9thode 3 : avec un c\u00e2ble USB<\/a><\/h3><div class=\"sp-collapse spcollapse spcollapse\" id=\"collapse4362\" data-parent=\"#sp-ea-436\" role=\"region\" aria-labelledby=\"ea-header-4362\"> <div class=\"ea-body\"><p>Connecter votre IPAD \u00e0 un ordinateur avec le c\u00e2ble USB. Copier les fichiers depuis l'explorateur Windows.<\/p><p>Avantage : pas de configuration n\u00e9cessaire.<\/p><p>Inconv\u00e9nients : pas toujours stable pour les gros fichiers. Facile pour retrouver des photos ou des vid\u00e9os dans l'IPAD. Beaucoup plus difficile pour les autres fichiers.<\/p><\/div><\/div><\/div><div class=\"ea-card sp-ea-single\"><h3 class=\"ea-header\"><a class=\"collapsed\" id=\"ea-header-4363\" role=\"button\" data-sptoggle=\"spcollapse\" data-sptarget=\"#collapse4363\" aria-controls=\"collapse4363\" href=\"#\" aria-expanded=\"false\" tabindex=\"0\"><i aria-hidden=\"true\" role=\"presentation\" class=\"ea-expand-icon eap-icon-ea-expand-plus\"><\/i> M\u00e9thode 4 : avec une cl\u00e9 USB<\/a><\/h3><div class=\"sp-collapse spcollapse spcollapse\" id=\"collapse4363\" data-parent=\"#sp-ea-436\" role=\"region\" aria-labelledby=\"ea-header-4363\"> <div class=\"ea-body\"><p>Il existe des cl\u00e9s USB fonctionnant sur IPAD et sur PC. Elles comprennent en g\u00e9n\u00e9ral un programme permettant du sauvegarder le contenu de l'IPAD.<\/p><p>On peut aussi trouver des adaptateurs permettant d'utiliser n'importe quelle cl\u00e9 USB sur l'IPAD.<\/p><p>Infos \u00e0 ce sujet sur le site <a href=\"https:\/\/apiceras.ch\/accessoires\/\">apiceras.ch<\/a><\/p><p>C'est la solution actuellement pr\u00e9conis\u00e9e pour les \u00e9l\u00e8ves API.<\/p><\/div><\/div><\/div><div class=\"ea-card sp-ea-single\"><h3 class=\"ea-header\"><a class=\"collapsed\" id=\"ea-header-4364\" role=\"button\" data-sptoggle=\"spcollapse\" data-sptarget=\"#collapse4364\" aria-controls=\"collapse4364\" href=\"#\" aria-expanded=\"false\" tabindex=\"0\"><i aria-hidden=\"true\" role=\"presentation\" class=\"ea-expand-icon eap-icon-ea-expand-plus\"><\/i> M\u00e9thode 5 : par airdrop avec un autre terminal Apple<\/a><\/h3><div class=\"sp-collapse spcollapse spcollapse\" id=\"collapse4364\" data-parent=\"#sp-ea-436\" role=\"region\" aria-labelledby=\"ea-header-4364\"> <div class=\"ea-body\"><p>Avantage : simple et rapide.<\/p><p>Inconv\u00e9nients : compliqu\u00e9 lorsque les fichiers sont nombreux et gros. N\u00e9cessite un autre appareil Apple.<\/p><\/div><\/div><\/div><\/div><\/div>\n","protected":false},"excerpt":{"rendered":"","protected":false},"author":2,"featured_media":0,"parent":0,"menu_order":0,"comment_status":"closed","ping_status":"closed","template":"","meta":{"_view_id":"","footnotes":""},"class_list":["post-437","page","type-page","status-publish","hentry"],"_links":{"self":[{"href":"https:\/\/csvrforms.ch\/index.php?rest_route=\/wp\/v2\/pages\/437","targetHints":{"allow":["GET"]}}],"collection":[{"href":"https:\/\/csvrforms.ch\/index.php?rest_route=\/wp\/v2\/pages"}],"about":[{"href":"https:\/\/csvrforms.ch\/index.php?rest_route=\/wp\/v2\/types\/page"}],"author":[{"embeddable":true,"href":"https:\/\/csvrforms.ch\/index.php?rest_route=\/wp\/v2\/users\/2"}],"replies":[{"embeddable":true,"href":"https:\/\/csvrforms.ch\/index.php?rest_route=%2Fwp%2Fv2%2Fcomments&post=437"}],"version-history":[{"count":2,"href":"https:\/\/csvrforms.ch\/index.php?rest_route=\/wp\/v2\/pages\/437\/revisions"}],"predecessor-version":[{"id":439,"href":"https:\/\/csvrforms.ch\/index.php?rest_route=\/wp\/v2\/pages\/437\/revisions\/439"}],"wp:attachment":[{"href":"https:\/\/csvrforms.ch\/index.php?rest_route=%2Fwp%2Fv2%2Fmedia&parent=437"}],"curies":[{"name":"wp","href":"https:\/\/api.w.org\/{rel}","templated":true}]}}