{"id":427,"date":"2023-07-30T20:45:05","date_gmt":"2023-07-30T18:45:05","guid":{"rendered":"https:\/\/csvrforms.ch\/?page_id=427"},"modified":"2023-07-30T20:46:45","modified_gmt":"2023-07-30T18:46:45","slug":"faq-securite-et-mises-a-jour","status":"publish","type":"page","link":"https:\/\/csvrforms.ch\/?page_id=427","title":{"rendered":"FAQ s\u00e9curit\u00e9 et mises \u00e0 jour"},"content":{"rendered":"<style>#sp-ea-426 .spcollapsing { height: 0; overflow: hidden; transition-property: height;transition-duration: 300ms;}#sp-ea-426.sp-easy-accordion>.sp-ea-single {margin-bottom: 10px; border: 1px solid #e2e2e2; }#sp-ea-426.sp-easy-accordion>.sp-ea-single>.ea-header a {color: #444;}#sp-ea-426.sp-easy-accordion>.sp-ea-single>.sp-collapse>.ea-body {background: #fff; color: #444;}#sp-ea-426.sp-easy-accordion>.sp-ea-single {background: #eee;}#sp-ea-426.sp-easy-accordion>.sp-ea-single>.ea-header a .ea-expand-icon { float: left; color: #444;font-size: 16px;}<\/style><div id=\"sp_easy_accordion-1690719813\"><div id=\"sp-ea-426\" class=\"sp-ea-one sp-easy-accordion\" data-ea-active=\"ea-click\" data-ea-mode=\"vertical\" data-preloader=\"\" data-scroll-active-item=\"\" data-offset-to-scroll=\"0\"><div class=\"ea-card sp-ea-single\"><h3 class=\"ea-header\"><a class=\"collapsed\" id=\"ea-header-4260\" role=\"button\" data-sptoggle=\"spcollapse\" data-sptarget=\"#collapse4260\" aria-controls=\"collapse4260\" href=\"#\" aria-expanded=\"false\" tabindex=\"0\"><i aria-hidden=\"true\" role=\"presentation\" class=\"ea-expand-icon eap-icon-ea-expand-plus\"><\/i> Pourquoi faut-il connecter r\u00e9guli\u00e8rement la tablette au r\u00e9seau et faire, si n\u00e9cessaire, la mise \u00e0 jour du syst\u00e8me (IPADOS) ?<\/a><\/h3><div class=\"sp-collapse spcollapse spcollapse\" id=\"collapse4260\" data-parent=\"#sp-ea-426\" role=\"region\" aria-labelledby=\"ea-header-4260\"> <div class=\"ea-body\"><p>Apple met r\u00e9guli\u00e8rement \u00e0 jour son syst\u00e8me pour corriger des failles de s\u00e9curit\u00e9. Si vous ne faites pas les mises \u00e0 jour r\u00e9guli\u00e8rement en connectant votre tablette \u00e0 un r\u00e9seau Wi-fi, vous pourriez vous exposer \u00e0 une risque de s\u00e9curit\u00e9 (piratage, programmes malveillants...) lors d'une prochaine connexion.<\/p><p>En outre, si vous ne faites pas les mises \u00e0 jour pendant tr\u00e8s longtemps, il faudra connecter l'appareil \u00e0 un ordinateur pour pouvoir les faire.<\/p><p>ENFIN, CONNECTER REGULIEREMENT VOTRE IPAD AU RESEAU VOUS PERMET DE RECEVOIR LES EVENTUELLES NOUVELLES APPS DIFFUSEES DEPUIS NOTRE SERVEUR.<\/p><\/div><\/div><\/div><div class=\"ea-card sp-ea-single\"><h3 class=\"ea-header\"><a class=\"collapsed\" id=\"ea-header-4261\" role=\"button\" data-sptoggle=\"spcollapse\" data-sptarget=\"#collapse4261\" aria-controls=\"collapse4261\" href=\"#\" aria-expanded=\"false\" tabindex=\"0\"><i aria-hidden=\"true\" role=\"presentation\" class=\"ea-expand-icon eap-icon-ea-expand-plus\"><\/i> Une application nomm\u00e9e \"Hub\" me demande d'autoriser ma localisation. Est-ce normal ? Que dois-je r\u00e9pondre ?<\/a><\/h3><div class=\"sp-collapse spcollapse spcollapse\" id=\"collapse4261\" data-parent=\"#sp-ea-426\" role=\"region\" aria-labelledby=\"ea-header-4261\"> <div class=\"ea-body\"><p>Pas de souci. Le HUB est le programme qui communique avec notre serveur. Vous pouvez \"autoriser lorsque l'application est active\" et m\u00eame, si demand\u00e9, \"passer \u00e0 toujours autoriser.\"<\/p><p>Cette d\u00e9marche nous permet de localiser la tablette en cas de perte.<\/p><\/div><\/div><\/div><div class=\"ea-card sp-ea-single\"><h3 class=\"ea-header\"><a class=\"collapsed\" id=\"ea-header-4262\" role=\"button\" data-sptoggle=\"spcollapse\" data-sptarget=\"#collapse4262\" aria-controls=\"collapse4262\" href=\"#\" aria-expanded=\"false\" tabindex=\"0\"><i aria-hidden=\"true\" role=\"presentation\" class=\"ea-expand-icon eap-icon-ea-expand-plus\"><\/i> Je consulte mon webmail sur la tablette. A quoi dois-je \u00eatre attentif ?<\/a><\/h3><div class=\"sp-collapse spcollapse spcollapse\" id=\"collapse4262\" data-parent=\"#sp-ea-426\" role=\"region\" aria-labelledby=\"ea-header-4262\"> <div class=\"ea-body\"><p>Ne pas enregistrer le mot de passe dans la tablette.<\/p><p>Dans Safari, <strong>refermez l'onglet avant de quitter l'application<\/strong>. Sinon, un autre utilisateur pourra acc\u00e9der \u00e0 votre bo\u00eete mail.<\/p><p>Pour des sites confidentiels, il est pr\u00e9f\u00e9rable d'utiliser la navigation priv\u00e9e.<\/p><\/div><\/div><\/div><div class=\"ea-card sp-ea-single\"><h3 class=\"ea-header\"><a class=\"collapsed\" id=\"ea-header-4263\" role=\"button\" data-sptoggle=\"spcollapse\" data-sptarget=\"#collapse4263\" aria-controls=\"collapse4263\" href=\"#\" aria-expanded=\"false\" tabindex=\"0\"><i aria-hidden=\"true\" role=\"presentation\" class=\"ea-expand-icon eap-icon-ea-expand-plus\"><\/i> Safari garde toujours les pages ouvertes. On retrouve ce qu'on avait consult\u00e9 la derni\u00e8re fois. On ne peut pas changer \u00e7a ?<\/a><\/h3><div class=\"sp-collapse spcollapse spcollapse\" id=\"collapse4263\" data-parent=\"#sp-ea-426\" role=\"region\" aria-labelledby=\"ea-header-4263\"> <div class=\"ea-body\"><p>Non. Ce n'est malheureusement pas possible et cela pose un probl\u00e8me de s\u00e9curit\u00e9.<\/p><p>Alternativement, vous pouvez utiliser le navigateur Edge (pr\u00e9sent sur toutes les tablettes), ou installer le navigateur priv\u00e9 Brave (pr\u00e9sent sur le kiosque RPN.)<\/p><\/div><\/div><\/div><div class=\"ea-card sp-ea-single\"><h3 class=\"ea-header\"><a class=\"collapsed\" id=\"ea-header-4264\" role=\"button\" data-sptoggle=\"spcollapse\" data-sptarget=\"#collapse4264\" aria-controls=\"collapse4264\" href=\"#\" aria-expanded=\"false\" tabindex=\"0\"><i aria-hidden=\"true\" role=\"presentation\" class=\"ea-expand-icon eap-icon-ea-expand-plus\"><\/i> Comment faire la mise \u00e0 jour du syst\u00e8me ?<\/a><\/h3><div class=\"sp-collapse spcollapse spcollapse\" id=\"collapse4264\" data-parent=\"#sp-ea-426\" role=\"region\" aria-labelledby=\"ea-header-4264\"> <div class=\"ea-body\"><p>Votre IPAD doit \u00eatre charg\u00e9 \u00e0 60% au\u00a0 minimum ou \u00eatre en charge.<\/p><p>Commencez par connecter la tablette \u00e0 un r\u00e9seau Wi-Fi (RPN employ\u00e9s, freewifi.ne, r\u00e9seau priv\u00e9, partage de connexion...)<\/p><p>Allez dans param\u00e8tres pour faire la mise \u00e0 jour.<\/p><p><a href=\"https:\/\/www.rpn.ch\/Stockage\/Public\/Video\/Cercle\/CSVR\/MajIpad.mp4\" target=\"_blank\" rel=\"noopener\">Petit tuto vid\u00e9o.<\/a><\/p><p>&nbsp;<\/p><\/div><\/div><\/div><div class=\"ea-card sp-ea-single\"><h3 class=\"ea-header\"><a class=\"collapsed\" id=\"ea-header-4265\" role=\"button\" data-sptoggle=\"spcollapse\" data-sptarget=\"#collapse4265\" aria-controls=\"collapse4265\" href=\"#\" aria-expanded=\"false\" tabindex=\"0\"><i aria-hidden=\"true\" role=\"presentation\" class=\"ea-expand-icon eap-icon-ea-expand-plus\"><\/i> Comment faire la mise \u00e0 jour des applications ?<\/a><\/h3><div class=\"sp-collapse spcollapse spcollapse\" id=\"collapse4265\" data-parent=\"#sp-ea-426\" role=\"region\" aria-labelledby=\"ea-header-4265\"> <div class=\"ea-body\"><p>Il suffit de laisser la tablette connect\u00e9e \u00e0 un r\u00e9seau Wi-fi pendant un moment. le serveur envoie automatiquement les mises \u00e0 jour. L'acc\u00e8s \u00e0 Internet doit fonctionner.<\/p><\/div><\/div><\/div><div class=\"ea-card sp-ea-single\"><h3 class=\"ea-header\"><a class=\"collapsed\" id=\"ea-header-4266\" role=\"button\" data-sptoggle=\"spcollapse\" data-sptarget=\"#collapse4266\" aria-controls=\"collapse4266\" href=\"#\" aria-expanded=\"false\" tabindex=\"0\"><i aria-hidden=\"true\" role=\"presentation\" class=\"ea-expand-icon eap-icon-ea-expand-plus\"><\/i> J'enregistre des informations confidentielles sur la tablette.<\/a><\/h3><div class=\"sp-collapse spcollapse spcollapse\" id=\"collapse4266\" data-parent=\"#sp-ea-426\" role=\"region\" aria-labelledby=\"ea-header-4266\"> <div class=\"ea-body\"><p>C'est une mauvaise id\u00e9e dans la mesure o\u00f9 le compte de la tablette (contrairement aux comptes des PC RPN) n'est pas personnel. Des \u00e9l\u00e8ves ou des coll\u00e8gues pourraient avoir acc\u00e8s \u00e0 vos informations.<\/p><\/div><\/div><\/div><div class=\"ea-card sp-ea-single\"><h3 class=\"ea-header\"><a class=\"collapsed\" id=\"ea-header-4267\" role=\"button\" data-sptoggle=\"spcollapse\" data-sptarget=\"#collapse4267\" aria-controls=\"collapse4267\" href=\"#\" aria-expanded=\"false\" tabindex=\"0\"><i aria-hidden=\"true\" role=\"presentation\" class=\"ea-expand-icon eap-icon-ea-expand-plus\"><\/i> J'ai une autre question concernant la s\u00e9curit\u00e9<\/a><\/h3><div class=\"sp-collapse spcollapse spcollapse\" id=\"collapse4267\" data-parent=\"#sp-ea-426\" role=\"region\" aria-labelledby=\"ea-header-4267\"> <div class=\"ea-body\"><p>C1-C2 : contactez Pierre-Gilles Pochon<\/p><p>C3 : contactez David Matthey<\/p><\/div><\/div><\/div><\/div><\/div>\n","protected":false},"excerpt":{"rendered":"","protected":false},"author":2,"featured_media":0,"parent":0,"menu_order":0,"comment_status":"closed","ping_status":"closed","template":"","meta":{"_view_id":"","footnotes":""},"class_list":["post-427","page","type-page","status-publish","hentry"],"_links":{"self":[{"href":"https:\/\/csvrforms.ch\/index.php?rest_route=\/wp\/v2\/pages\/427","targetHints":{"allow":["GET"]}}],"collection":[{"href":"https:\/\/csvrforms.ch\/index.php?rest_route=\/wp\/v2\/pages"}],"about":[{"href":"https:\/\/csvrforms.ch\/index.php?rest_route=\/wp\/v2\/types\/page"}],"author":[{"embeddable":true,"href":"https:\/\/csvrforms.ch\/index.php?rest_route=\/wp\/v2\/users\/2"}],"replies":[{"embeddable":true,"href":"https:\/\/csvrforms.ch\/index.php?rest_route=%2Fwp%2Fv2%2Fcomments&post=427"}],"version-history":[{"count":2,"href":"https:\/\/csvrforms.ch\/index.php?rest_route=\/wp\/v2\/pages\/427\/revisions"}],"predecessor-version":[{"id":429,"href":"https:\/\/csvrforms.ch\/index.php?rest_route=\/wp\/v2\/pages\/427\/revisions\/429"}],"wp:attachment":[{"href":"https:\/\/csvrforms.ch\/index.php?rest_route=%2Fwp%2Fv2%2Fmedia&parent=427"}],"curies":[{"name":"wp","href":"https:\/\/api.w.org\/{rel}","templated":true}]}}