{"id":420,"date":"2023-07-30T13:28:18","date_gmt":"2023-07-30T11:28:18","guid":{"rendered":"https:\/\/csvrforms.ch\/?page_id=420"},"modified":"2023-07-30T13:28:19","modified_gmt":"2023-07-30T11:28:19","slug":"faq-utilisation-ce-qui-est-autorise-et-ce-qui-ne-lest-pas","status":"publish","type":"page","link":"https:\/\/csvrforms.ch\/?page_id=420","title":{"rendered":"FAQ utilisation : ce qui est autoris\u00e9 et ce qui ne l&rsquo;est pas."},"content":{"rendered":"<style>#sp-ea-418 .spcollapsing { height: 0; overflow: hidden; transition-property: height;transition-duration: 300ms;}#sp-ea-418.sp-easy-accordion>.sp-ea-single {margin-bottom: 10px; border: 1px solid #e2e2e2; }#sp-ea-418.sp-easy-accordion>.sp-ea-single>.ea-header a {color: #444;}#sp-ea-418.sp-easy-accordion>.sp-ea-single>.sp-collapse>.ea-body {background: #fff; color: #444;}#sp-ea-418.sp-easy-accordion>.sp-ea-single {background: #eee;}#sp-ea-418.sp-easy-accordion>.sp-ea-single>.ea-header a .ea-expand-icon { float: left; color: #444;font-size: 16px;}<\/style><div id=\"sp_easy_accordion-1690710859\"><div id=\"sp-ea-418\" class=\"sp-ea-one sp-easy-accordion\" data-ea-active=\"ea-click\" data-ea-mode=\"vertical\" data-preloader=\"\" data-scroll-active-item=\"\" data-offset-to-scroll=\"0\"><div class=\"ea-card sp-ea-single\"><h3 class=\"ea-header\"><a class=\"collapsed\" id=\"ea-header-4180\" role=\"button\" data-sptoggle=\"spcollapse\" data-sptarget=\"#collapse4180\" aria-controls=\"collapse4180\" href=\"#\" aria-expanded=\"false\" tabindex=\"0\"><i aria-hidden=\"true\" role=\"presentation\" class=\"ea-expand-icon eap-icon-ea-expand-plus\"><\/i> Peut-on configurer RPNomade sur la tablette pour \u00e9changer des fichiers ?<\/a><\/h3><div class=\"sp-collapse spcollapse spcollapse\" id=\"collapse4180\" data-parent=\"#sp-ea-418\" role=\"region\" aria-labelledby=\"ea-header-4180\"> <div class=\"ea-body\"><p><strong>Autoris\u00e9<\/strong>. Installez Microsoft Remote Desktop depuis le kiosque RPN.\u00a0 (Il appara\u00eet ensuite dans le dossier \"bureautique\" sous le nom de \"Windows\"), puis configurez votre compte. Remarque : RPNOMADE n'est actuellement pas accessible aux \u00e9l\u00e8ves.<\/p><p><a href=\"https:\/\/portail.rpn.ch\/administration\/serv\/Documents%20SIEN\/RPNomade_iPad_v2.pdf\">Tuto sur RPN<\/a> (authentification n\u00e9cessaire).<\/p><\/div><\/div><\/div><div class=\"ea-card sp-ea-single\"><h3 class=\"ea-header\"><a class=\"collapsed\" id=\"ea-header-4181\" role=\"button\" data-sptoggle=\"spcollapse\" data-sptarget=\"#collapse4181\" aria-controls=\"collapse4181\" href=\"#\" aria-expanded=\"false\" tabindex=\"0\"><i aria-hidden=\"true\" role=\"presentation\" class=\"ea-expand-icon eap-icon-ea-expand-plus\"><\/i> Peut-on configurer un cloud priv\u00e9 sur la tablette ?<\/a><\/h3><div class=\"sp-collapse spcollapse spcollapse\" id=\"collapse4181\" data-parent=\"#sp-ea-418\" role=\"region\" aria-labelledby=\"ea-header-4181\"> <div class=\"ea-body\"><p>Non autoris\u00e9.<\/p><p>Les clouds commerciaux ne sont pas compatibles avec la protection des donn\u00e9es<\/p><\/div><\/div><\/div><div class=\"ea-card sp-ea-single\"><h3 class=\"ea-header\"><a class=\"collapsed\" id=\"ea-header-4182\" role=\"button\" data-sptoggle=\"spcollapse\" data-sptarget=\"#collapse4182\" aria-controls=\"collapse4182\" href=\"#\" aria-expanded=\"false\" tabindex=\"0\"><i aria-hidden=\"true\" role=\"presentation\" class=\"ea-expand-icon eap-icon-ea-expand-plus\"><\/i> Peut-on configurer un mail priv\u00e9 ou personnel sur la tablette ?<\/a><\/h3><div class=\"sp-collapse spcollapse spcollapse\" id=\"collapse4182\" data-parent=\"#sp-ea-418\" role=\"region\" aria-labelledby=\"ea-header-4182\"> <div class=\"ea-body\"><p><strong>Non autoris\u00e9.<\/strong><\/p><p>Il est toutefois possible d'utiliser un webmail (ex. mail.rpn.ch) SANS ENREGISTRER LE MOT DE PASSE.<\/p><\/div><\/div><\/div><div class=\"ea-card sp-ea-single\"><h3 class=\"ea-header\"><a class=\"collapsed\" id=\"ea-header-4183\" role=\"button\" data-sptoggle=\"spcollapse\" data-sptarget=\"#collapse4183\" aria-controls=\"collapse4183\" href=\"#\" aria-expanded=\"false\" tabindex=\"0\"><i aria-hidden=\"true\" role=\"presentation\" class=\"ea-expand-icon eap-icon-ea-expand-plus\"><\/i> Peut-on configurer un compte de VOD (Netflix, Disney, etc) sur la tablette ?<\/a><\/h3><div class=\"sp-collapse spcollapse spcollapse\" id=\"collapse4183\" data-parent=\"#sp-ea-418\" role=\"region\" aria-labelledby=\"ea-header-4183\"> <div class=\"ea-body\"><p>Non autoris\u00e9. Ce sont des plateformes de divertissement et la tablette est r\u00e9serv\u00e9e \u00e0 un usage p\u00e9dagogique.<\/p><\/div><\/div><\/div><div class=\"ea-card sp-ea-single\"><h3 class=\"ea-header\"><a class=\"collapsed\" id=\"ea-header-4184\" role=\"button\" data-sptoggle=\"spcollapse\" data-sptarget=\"#collapse4184\" aria-controls=\"collapse4184\" href=\"#\" aria-expanded=\"false\" tabindex=\"0\"><i aria-hidden=\"true\" role=\"presentation\" class=\"ea-expand-icon eap-icon-ea-expand-plus\"><\/i> Puis-je utiliser ma tablette en vacances pour faire des photos ?<\/a><\/h3><div class=\"sp-collapse spcollapse spcollapse\" id=\"collapse4184\" data-parent=\"#sp-ea-418\" role=\"region\" aria-labelledby=\"ea-header-4184\"> <div class=\"ea-body\"><p>Non autoris\u00e9. C'est un outil professionnel.<\/p><\/div><\/div><\/div><div class=\"ea-card sp-ea-single\"><h3 class=\"ea-header\"><a class=\"collapsed\" id=\"ea-header-4185\" role=\"button\" data-sptoggle=\"spcollapse\" data-sptarget=\"#collapse4185\" aria-controls=\"collapse4185\" href=\"#\" aria-expanded=\"false\" tabindex=\"0\"><i aria-hidden=\"true\" role=\"presentation\" class=\"ea-expand-icon eap-icon-ea-expand-plus\"><\/i> Puis-je prendre ma tablette \u00e0 la maison pour pr\u00e9parer des le\u00e7ons ou tester des applications ?<\/a><\/h3><div class=\"sp-collapse spcollapse spcollapse\" id=\"collapse4185\" data-parent=\"#sp-ea-418\" role=\"region\" aria-labelledby=\"ea-header-4185\"> <div class=\"ea-body\"><p>Autoris\u00e9. La tablette n'est cependant pas pr\u00e9vue pour votre usage exclusif et doit \u00e9galement \u00eatre mise \u00e0 disposition pour des activit\u00e9s en classe.<\/p><\/div><\/div><\/div><div class=\"ea-card sp-ea-single\"><h3 class=\"ea-header\"><a class=\"collapsed\" id=\"ea-header-4186\" role=\"button\" data-sptoggle=\"spcollapse\" data-sptarget=\"#collapse4186\" aria-controls=\"collapse4186\" href=\"#\" aria-expanded=\"false\" tabindex=\"0\"><i aria-hidden=\"true\" role=\"presentation\" class=\"ea-expand-icon eap-icon-ea-expand-plus\"><\/i> Puis-je pr\u00eater ma tablette \u00e0 un coll\u00e8gue d'une classe voisine ?<\/a><\/h3><div class=\"sp-collapse spcollapse spcollapse\" id=\"collapse4186\" data-parent=\"#sp-ea-418\" role=\"region\" aria-labelledby=\"ea-header-4186\"> <div class=\"ea-body\"><p>Autoris\u00e9. Vous demeurez responsable de la tablette face au CSVR.<\/p><p>Ce pr\u00eat doit toutefois \u00eatre <strong>limit\u00e9 dans le temps<\/strong> (essai, activit\u00e9 particuli\u00e8re, essai pour \u00e9l\u00e8ve API...)<\/p><p>Il n'est pas permis de remettre \u00e0 demeure la tablette \u00e0 un-e coll\u00e8gue parce que vous n'en avez pas l'utilit\u00e9. Si vous n'employez pas votre tablette dans le cadre de votre enseignement, il faut la rendre au secr\u00e9tariat.<\/p><p>Votre coll\u00e8gue, s'il \/elle d\u00e9sire une tablette pour sa classe, doit faire une demande, accompagn\u00e9e d'un projet p\u00e9dagogique.<\/p><p>&nbsp;<\/p><\/div><\/div><\/div><div class=\"ea-card sp-ea-single\"><h3 class=\"ea-header\"><a class=\"collapsed\" id=\"ea-header-4187\" role=\"button\" data-sptoggle=\"spcollapse\" data-sptarget=\"#collapse4187\" aria-controls=\"collapse4187\" href=\"#\" aria-expanded=\"false\" tabindex=\"0\"><i aria-hidden=\"true\" role=\"presentation\" class=\"ea-expand-icon eap-icon-ea-expand-plus\"><\/i> Puis-je pr\u00eater ma tablette \u00e0 un \u00e9l\u00e8ve pour la prendre \u00e0 la maison, \u00e0 l'orthophonie. ?<\/a><\/h3><div class=\"sp-collapse spcollapse spcollapse\" id=\"collapse4187\" data-parent=\"#sp-ea-418\" role=\"region\" aria-labelledby=\"ea-header-4187\"> <div class=\"ea-body\"><p><strong>Non autoris\u00e9.<\/strong><\/p><p>Lorsqu'un \u00e9l\u00e8ve est en phase de test pour savoir si une tablette API lui serait utile, les tests se font en classe ou avec l'\u00e9quipe ressource. On peut aussi pr\u00e9senter l'outil lors d'une rencontre avec les parents pour les convaincre.<\/p><\/div><\/div><\/div><div class=\"ea-card sp-ea-single\"><h3 class=\"ea-header\"><a class=\"collapsed\" id=\"ea-header-4188\" role=\"button\" data-sptoggle=\"spcollapse\" data-sptarget=\"#collapse4188\" aria-controls=\"collapse4188\" href=\"#\" aria-expanded=\"false\" tabindex=\"0\"><i aria-hidden=\"true\" role=\"presentation\" class=\"ea-expand-icon eap-icon-ea-expand-plus\"><\/i> Mes tablettes de classes sont confi\u00e9es continuellement \u00e0 des \u00e9l\u00e8ves API.<\/a><\/h3><div class=\"sp-collapse spcollapse spcollapse\" id=\"collapse4188\" data-parent=\"#sp-ea-418\" role=\"region\" aria-labelledby=\"ea-header-4188\"> <div class=\"ea-body\"><p>Les IPADS de classe ne sont pas pr\u00e9vus pour l'usage exclusif de l'un-e ou l'autre \u00e9l\u00e8ve ayant des besoins API. En cas d'usage occasionnel (ex: recherche dans le dictionnaire \u00e9lectronique, \u00e9crire un texte, traduction d'une consigne pour un-e \u00e9l\u00e8ve allophone), cela ne pose aucun souci. Ces mesures font partie de la flexibilit\u00e9 p\u00e9dagogique.<\/p><p>Il existe \u00e9galement des outils API sur les PC de classe, \u00e0 privil\u00e9gier avant toute demande d'IPAD.<\/p><p>En cas de besoin plus lourd (lecteur sur photo, \u00e9dition de PDF, MER num\u00e9riques, etc...) une demande de tablette individuelle cantonale (APITAB) doit \u00eatre faite, selon les consignes de la direction figurant sur la plateforme du CSVR (<a href=\"https:\/\/plateforme.csvr.ch\/demande-ipad-oes\/\" target=\"_blank\" rel=\"noopener\">Demande<\/a>, <a href=\"https:\/\/plateforme.csvr.ch\/plan-des-mesures\/\" target=\"_blank\" rel=\"noopener\">ouverture d'un plan des mesures<\/a>). Le nombre d'IPADS cantonaux \u00e9tant limit\u00e9, une priorisation sera effectu\u00e9e par la direction. Un bilan doit \u00eatre r\u00e9guli\u00e8rement effectu\u00e9 et les IPADS qui ne sont plus utilis\u00e9s doivent \u00eatre rendus.<\/p><p>&nbsp;<\/p><\/div><\/div><\/div><div class=\"ea-card sp-ea-single\"><h3 class=\"ea-header\"><a class=\"collapsed\" id=\"ea-header-4189\" role=\"button\" data-sptoggle=\"spcollapse\" data-sptarget=\"#collapse4189\" aria-controls=\"collapse4189\" href=\"#\" aria-expanded=\"false\" tabindex=\"0\"><i aria-hidden=\"true\" role=\"presentation\" class=\"ea-expand-icon eap-icon-ea-expand-plus\"><\/i> Est-il autoris\u00e9 de prendre la tablette \u00e0 l'ext\u00e9rieur pour une le\u00e7on (\u00e9cole en for\u00eat...) ?<\/a><\/h3><div class=\"sp-collapse spcollapse spcollapse\" id=\"collapse4189\" data-parent=\"#sp-ea-418\" role=\"region\" aria-labelledby=\"ea-header-4189\"> <div class=\"ea-body\"><p>Autoris\u00e9. L'appareil doit pourvoir \u00eatre prot\u00e9g\u00e9 des intemp\u00e9ries le cas \u00e9ch\u00e9ant.<\/p><\/div><\/div><\/div><div class=\"ea-card sp-ea-single\"><h3 class=\"ea-header\"><a class=\"collapsed\" id=\"ea-header-41810\" role=\"button\" data-sptoggle=\"spcollapse\" data-sptarget=\"#collapse41810\" aria-controls=\"collapse41810\" href=\"#\" aria-expanded=\"false\" tabindex=\"0\"><i aria-hidden=\"true\" role=\"presentation\" class=\"ea-expand-icon eap-icon-ea-expand-plus\"><\/i> Peut-on prendre la tablette dans le cadre d'un camp (blanc,vert) ?<\/a><\/h3><div class=\"sp-collapse spcollapse spcollapse\" id=\"collapse41810\" data-parent=\"#sp-ea-418\" role=\"region\" aria-labelledby=\"ea-header-41810\"> <div class=\"ea-body\"><p>Autoris\u00e9. L'appareil doit pouvoir \u00eatre prot\u00e9g\u00e9 des intemp\u00e9ries le cas \u00e9ch\u00e9ant et pouvoir \u00eatre mis en lieu s\u00fbr pour \u00e9viter un vol.<\/p><\/div><\/div><\/div><div class=\"ea-card sp-ea-single\"><h3 class=\"ea-header\"><a class=\"collapsed\" id=\"ea-header-41811\" role=\"button\" data-sptoggle=\"spcollapse\" data-sptarget=\"#collapse41811\" aria-controls=\"collapse41811\" href=\"#\" aria-expanded=\"false\" tabindex=\"0\"><i aria-hidden=\"true\" role=\"presentation\" class=\"ea-expand-icon eap-icon-ea-expand-plus\"><\/i> Je suis entra\u00eeneur sportif hors temps scolaire. Mon club s'entra\u00eene dans une salle communale. Puis-je utiliser ma tablette dans ce cadre ?<\/a><\/h3><div class=\"sp-collapse spcollapse spcollapse\" id=\"collapse41811\" data-parent=\"#sp-ea-418\" role=\"region\" aria-labelledby=\"ea-header-41811\"> <div class=\"ea-body\"><p>Non autoris\u00e9. Ce n'est pas un usage scolaire.<\/p><\/div><\/div><\/div><div class=\"ea-card sp-ea-single\"><h3 class=\"ea-header\"><a class=\"collapsed\" id=\"ea-header-41812\" role=\"button\" data-sptoggle=\"spcollapse\" data-sptarget=\"#collapse41812\" aria-controls=\"collapse41812\" href=\"#\" aria-expanded=\"false\" tabindex=\"0\"><i aria-hidden=\"true\" role=\"presentation\" class=\"ea-expand-icon eap-icon-ea-expand-plus\"><\/i> J'ai une autre question concernant l'utilisation<\/a><\/h3><div class=\"sp-collapse spcollapse spcollapse\" id=\"collapse41812\" data-parent=\"#sp-ea-418\" role=\"region\" aria-labelledby=\"ea-header-41812\"> <div class=\"ea-body\"><p>C1-C2 : contacter Pierre-Gilles Pochon<\/p><p>C3 : contacter David Matthey<\/p><\/div><\/div><\/div><\/div><\/div>\n","protected":false},"excerpt":{"rendered":"","protected":false},"author":2,"featured_media":0,"parent":0,"menu_order":0,"comment_status":"closed","ping_status":"closed","template":"","meta":{"_view_id":"","footnotes":""},"class_list":["post-420","page","type-page","status-publish","hentry"],"_links":{"self":[{"href":"https:\/\/csvrforms.ch\/index.php?rest_route=\/wp\/v2\/pages\/420","targetHints":{"allow":["GET"]}}],"collection":[{"href":"https:\/\/csvrforms.ch\/index.php?rest_route=\/wp\/v2\/pages"}],"about":[{"href":"https:\/\/csvrforms.ch\/index.php?rest_route=\/wp\/v2\/types\/page"}],"author":[{"embeddable":true,"href":"https:\/\/csvrforms.ch\/index.php?rest_route=\/wp\/v2\/users\/2"}],"replies":[{"embeddable":true,"href":"https:\/\/csvrforms.ch\/index.php?rest_route=%2Fwp%2Fv2%2Fcomments&post=420"}],"version-history":[{"count":1,"href":"https:\/\/csvrforms.ch\/index.php?rest_route=\/wp\/v2\/pages\/420\/revisions"}],"predecessor-version":[{"id":421,"href":"https:\/\/csvrforms.ch\/index.php?rest_route=\/wp\/v2\/pages\/420\/revisions\/421"}],"wp:attachment":[{"href":"https:\/\/csvrforms.ch\/index.php?rest_route=%2Fwp%2Fv2%2Fmedia&parent=420"}],"curies":[{"name":"wp","href":"https:\/\/api.w.org\/{rel}","templated":true}]}}