{"id":411,"date":"2023-07-30T11:36:41","date_gmt":"2023-07-30T09:36:41","guid":{"rendered":"https:\/\/csvrforms.ch\/?page_id=411"},"modified":"2023-07-30T11:37:25","modified_gmt":"2023-07-30T09:37:25","slug":"faq-problemes-techniques-casse-perte","status":"publish","type":"page","link":"https:\/\/csvrforms.ch\/?page_id=411","title":{"rendered":"FAQ Probl\u00e8mes techniques, casse, perte"},"content":{"rendered":"<style>#sp-ea-397 .spcollapsing { height: 0; overflow: hidden; transition-property: height;transition-duration: 300ms;}#sp-ea-397.sp-easy-accordion>.sp-ea-single {margin-bottom: 10px; border: 1px solid #e2e2e2; }#sp-ea-397.sp-easy-accordion>.sp-ea-single>.ea-header a {color: #444;}#sp-ea-397.sp-easy-accordion>.sp-ea-single>.sp-collapse>.ea-body {background: #fff; color: #444;}#sp-ea-397.sp-easy-accordion>.sp-ea-single {background: #eee;}#sp-ea-397.sp-easy-accordion>.sp-ea-single>.ea-header a .ea-expand-icon { float: left; color: #444;font-size: 16px;}<\/style><div id=\"sp_easy_accordion-1690653141\"><div id=\"sp-ea-397\" class=\"sp-ea-one sp-easy-accordion\" data-ea-active=\"ea-click\" data-ea-mode=\"vertical\" data-preloader=\"\" data-scroll-active-item=\"\" data-offset-to-scroll=\"0\"><div class=\"ea-card sp-ea-single\"><h3 class=\"ea-header\"><a class=\"collapsed\" id=\"ea-header-3970\" role=\"button\" data-sptoggle=\"spcollapse\" data-sptarget=\"#collapse3970\" aria-controls=\"collapse3970\" href=\"#\" aria-expanded=\"false\" tabindex=\"0\"><i aria-hidden=\"true\" role=\"presentation\" class=\"ea-expand-icon eap-icon-ea-expand-plus\"><\/i> Une application est install\u00e9e mais je ne la trouve pas sur le bureau.<\/a><\/h3><div class=\"sp-collapse spcollapse spcollapse\" id=\"collapse3970\" data-parent=\"#sp-ea-397\" role=\"region\" aria-labelledby=\"ea-header-3970\"> <div class=\"ea-body\"><p>La plupart des applications se rangent automatiquement dans les dossiers (math, anglais, SCN, etc). Regardez dans les dossiers.<\/p><\/div><\/div><\/div><div class=\"ea-card sp-ea-single\"><h3 class=\"ea-header\"><a class=\"collapsed\" id=\"ea-header-3971\" role=\"button\" data-sptoggle=\"spcollapse\" data-sptarget=\"#collapse3971\" aria-controls=\"collapse3971\" href=\"#\" aria-expanded=\"false\" tabindex=\"0\"><i aria-hidden=\"true\" role=\"presentation\" class=\"ea-expand-icon eap-icon-ea-expand-plus\"><\/i> C'est le gros d\u00e9sordre avec les dossiers. J'ai plusieurs fois le m\u00eame.<\/a><\/h3><div class=\"sp-collapse spcollapse spcollapse\" id=\"collapse3971\" data-parent=\"#sp-ea-397\" role=\"region\" aria-labelledby=\"ea-header-3971\"> <div class=\"ea-body\"><p>C'est temporaire suite \u00e0 des installations. Red\u00e9marrez la tablette et tout rentrera dans l'ordre.<\/p><\/div><\/div><\/div><div class=\"ea-card sp-ea-single\"><h3 class=\"ea-header\"><a class=\"collapsed\" id=\"ea-header-3972\" role=\"button\" data-sptoggle=\"spcollapse\" data-sptarget=\"#collapse3972\" aria-controls=\"collapse3972\" href=\"#\" aria-expanded=\"false\" tabindex=\"0\"><i aria-hidden=\"true\" role=\"presentation\" class=\"ea-expand-icon eap-icon-ea-expand-plus\"><\/i> Une application ne fonctionne pas sur ma tablette.<\/a><\/h3><div class=\"sp-collapse spcollapse spcollapse\" id=\"collapse3972\" data-parent=\"#sp-ea-397\" role=\"region\" aria-labelledby=\"ea-header-3972\"> <div class=\"ea-body\"><p>Parfois, les applications :<\/p><ul><li>refusent de s'ouvrir<\/li><li>ont leur ic\u00f4ne gris\u00e9e avec la mention \"attente\"<\/li><li>ont un petit nuage \u00e0 c\u00f4t\u00e9 et vous demandent de vous connecter \u00e0 l'app store, ce qui n'est pas possible.<\/li><\/ul><p>Dans ce genre de cas, tenter les \u00e9tapes suivantes :<\/p><p><span style=\"color: #1f497d\">\u00a0<\/span><span style=\"color: #1f497d\">1.<\/span><span style=\"font-size: 7.0pt;color: #1f497d\">\u00a0\u00a0\u00a0\u00a0\u00a0\u00a0 <\/span><span style=\"color: #1f497d\">Commencer par red\u00e9marrer la tablette<\/span><\/p><p><span style=\"color: #1f497d\">\u00a0<\/span><span style=\"color: #1f497d\">2.<\/span><span style=\"font-size: 7.0pt;color: #1f497d\">\u00a0\u00a0\u00a0\u00a0\u00a0\u00a0 <\/span><span style=\"color: #1f497d\">Mettre la tablette sur un r\u00e9seau Wi-fi (si possible un Wi-fi autre que RPN employ\u00e9s)<\/span><\/p><p><span style=\"color: #1f497d\">3.<\/span><span style=\"font-size: 7.0pt;color: #1f497d\">\u00a0\u00a0\u00a0\u00a0\u00a0\u00a0 <\/span><span style=\"color: #1f497d\">Mettre \u00e0 jour IPADOS si n\u00e9cessaire (r\u00e9glages, g\u00e9n\u00e9ral, mise \u00e0 jour logicielle)<\/span><\/p><p><span style=\"color: #1f497d\">4.<\/span><span style=\"font-size: 7.0pt;color: #1f497d\">\u00a0\u00a0\u00a0\u00a0\u00a0\u00a0 <\/span><span style=\"color: #1f497d\">Essayer de d\u00e9marrer \u00ab Hub \u00bb. S\u2019il vous pose des questions concernant la localisation, r\u00e9pondez \u00ab toujours autoriser \u00bb. Si tout est ok (pas de point rouge), sortez du Hub.<\/span><\/p><p><span style=\"color: #1f497d\">\u00a0<\/span><span style=\"color: #1f497d\">5.<\/span><span style=\"font-size: 7.0pt;color: #1f497d\">\u00a0\u00a0\u00a0\u00a0\u00a0\u00a0 <\/span><span style=\"color: #1f497d\">Laissez la tablette tourner un moment sur le r\u00e9seau, prendre un \u00ab bain de Wi-fi \u00bb (60 minutes minimum, v\u00e9rifier que la connexion Internet fonctionne effectivement, en allant par exemple sur un site hors rpn avec votre navigateur).<\/span><\/p><p><span style=\"color: #1f497d\">\u00a0<\/span><span style=\"color: #1f497d\">6.<\/span><span style=\"font-size: 7.0pt;color: #1f497d\">\u00a0\u00a0\u00a0\u00a0\u00a0\u00a0 <\/span><span style=\"color: #1f497d\">Testez l'app et regardez ce qui se passe.<\/span><\/p><p><span style=\"color: #1f497d\">7.<\/span><span style=\"font-size: 7.0pt;color: #1f497d\">\u00a0\u00a0\u00a0\u00a0\u00a0\u00a0 <\/span><span style=\"color: #1f497d\">Si \u00e7a ne fonctionne toujours pas, essayez de d\u00e9sinstaller l\u2019app via \u00ab r\u00e9glages, g\u00e9n\u00e9ral, stockage IPAD \u00bb<\/span><\/p><p><span style=\"color: #1f497d\">8.<\/span><span style=\"font-size: 7.0pt;color: #1f497d\">\u00a0\u00a0\u00a0\u00a0\u00a0\u00a0 <\/span><span style=\"color: #1f497d\">Elle devrait normalement revenir toute seule au bout d\u2019un moment.<\/span><\/p><p>&nbsp;<\/p><p>NB : Il faut faire les mises \u00e0 jour r\u00e9guli\u00e8rement en connectant la tablette \u00e0 un r\u00e9seau Wi-Fi (une fois par mois au moins). Sinon, la quantit\u00e9 de mises \u00e0 jour peut \u00eatre telle que la tablette se bloque.<\/p><p>NB2 : Si vous \u00eates en possession d'une tr\u00e8s ancienne tablette (Ipad Air 1\u00e8re g\u00e9n\u00e9ration, syst\u00e8me 12.5.7), quelques programmes ne sont plus compatibles. Il n'y a malheureusement pas de solution dans ce cas.<\/p><p style=\"margin-left: 36.0pt\"><span style=\"color: #1f497d\">\u00a0<\/span><\/p><p>Si malgr\u00e9 toutes ces \u00e9tapes, \u00e7a ne fonctionne toujours pas, vous pouvez commencer \u00e0 crier \"au secours\" aupr\u00e8s de :<\/p><p><strong>CSVRTAB :<\/strong><\/p><p>C1-C2 :\u00a0 Pierre-Gilles Pochon<\/p><p>C3 : David Matthey<\/p><p><strong>OISOTAB\/SOUTIENTAB :<\/strong><\/p><p>OISO, support iPad (tablettes.soutien@rpn.ch)<\/p><p><em>Pr\u00e9ciser le num\u00e9ro de la tablette (OISOTAB45, CSVRTAB193...) et d\u00e9crire le probl\u00e8me.<\/em><\/p><\/div><\/div><\/div><div class=\"ea-card sp-ea-single\"><h3 class=\"ea-header\"><a class=\"collapsed\" id=\"ea-header-3973\" role=\"button\" data-sptoggle=\"spcollapse\" data-sptarget=\"#collapse3973\" aria-controls=\"collapse3973\" href=\"#\" aria-expanded=\"false\" tabindex=\"0\"><i aria-hidden=\"true\" role=\"presentation\" class=\"ea-expand-icon eap-icon-ea-expand-plus\"><\/i> Ma tablette est bloqu\u00e9e car j'ai oubli\u00e9 le mot de passe ou il a \u00e9t\u00e9 chang\u00e9.<\/a><\/h3><div class=\"sp-collapse spcollapse spcollapse\" id=\"collapse3973\" data-parent=\"#sp-ea-397\" role=\"region\" aria-labelledby=\"ea-header-3973\"> <div class=\"ea-body\"><p>Mots de passe standards :<\/p><p>Les exemples pour les mots de passe se trouvent dans Pronote, dans les casiers de documents r\u00e9serv\u00e9s aux enseignants.<\/p><p>Vous avez re\u00e7u une feuille avec l'IPAD, que vous devriez avoir conserv\u00e9e en lieu s\u00fbr.<\/p><p>&nbsp;<\/p><p>Si le mot de passe a \u00e9t\u00e9 chang\u00e9 et que vous ne le savez plus, contactez :<\/p><p>C1-C2 : Pierre-Gilles Pochon<\/p><p>C3 : David Matthey.<\/p><\/div><\/div><\/div><div class=\"ea-card sp-ea-single\"><h3 class=\"ea-header\"><a class=\"collapsed\" id=\"ea-header-3974\" role=\"button\" data-sptoggle=\"spcollapse\" data-sptarget=\"#collapse3974\" aria-controls=\"collapse3974\" href=\"#\" aria-expanded=\"false\" tabindex=\"0\"><i aria-hidden=\"true\" role=\"presentation\" class=\"ea-expand-icon eap-icon-ea-expand-plus\"><\/i> Le c\u00e2ble de mon chargeur n'entre pas dans la prise de mon IPAD.<\/a><\/h3><div class=\"sp-collapse spcollapse spcollapse\" id=\"collapse3974\" data-parent=\"#sp-ea-397\" role=\"region\" aria-labelledby=\"ea-header-3974\"> <div class=\"ea-body\"><p><strong>ATTENTION !<\/strong><\/p><p>Nos CSVRTAB ont pour la plupart des prises \"Lightning\" (num\u00e9ros CSVRTAB 1 \u00e0 217)<\/p><p><img loading=\"lazy\" decoding=\"async\" class=\"alignnone wp-image-548\" src=\"https:\/\/csvrforms.ch\/wp-content\/uploads\/2024\/10\/USB-USBtypeC-microUSB-lighting-300x131.jpg\" alt=\"\" width=\"515\" height=\"225\" srcset=\"https:\/\/csvrforms.ch\/wp-content\/uploads\/2024\/10\/USB-USBtypeC-microUSB-lighting-300x131.jpg 300w, https:\/\/csvrforms.ch\/wp-content\/uploads\/2024\/10\/USB-USBtypeC-microUSB-lighting-1024x446.jpg 1024w, https:\/\/csvrforms.ch\/wp-content\/uploads\/2024\/10\/USB-USBtypeC-microUSB-lighting-768x335.jpg 768w, https:\/\/csvrforms.ch\/wp-content\/uploads\/2024\/10\/USB-USBtypeC-microUSB-lighting-1536x670.jpg 1536w, https:\/\/csvrforms.ch\/wp-content\/uploads\/2024\/10\/USB-USBtypeC-microUSB-lighting-2048x893.jpg 2048w\" sizes=\"auto, (max-width: 515px) 100vw, 515px\" \/><\/p><p>Si vous avez un IPAD qui porte un num\u00e9ro sup\u00e9rieur, il s'agit d'un IPAD achet\u00e9 d\u00e8s 2024. IL A UNE PRISE USB-C (universelle, comme les terminaux Android). Les deux normes ne sont pas les m\u00eames.<\/p><p><strong>Utilisez le bon chargeur (fourni avec la machine) !<\/strong><\/p><\/div><\/div><\/div><div class=\"ea-card sp-ea-single\"><h3 class=\"ea-header\"><a class=\"collapsed\" id=\"ea-header-3975\" role=\"button\" data-sptoggle=\"spcollapse\" data-sptarget=\"#collapse3975\" aria-controls=\"collapse3975\" href=\"#\" aria-expanded=\"false\" tabindex=\"0\"><i aria-hidden=\"true\" role=\"presentation\" class=\"ea-expand-icon eap-icon-ea-expand-plus\"><\/i> Ma tablette a \u00e9t\u00e9 compl\u00e8tement bris\u00e9e par un \u00e9l\u00e8ve \/ par moi-m\u00eame. Que faire ?<\/a><\/h3><div class=\"sp-collapse spcollapse spcollapse\" id=\"collapse3975\" data-parent=\"#sp-ea-397\" role=\"region\" aria-labelledby=\"ea-header-3975\"> <div class=\"ea-body\"><p>Signaler le probl\u00e8me au secr\u00e9tariat, qui vous donnera la marche \u00e0 suivre. Selon toute vraisemblance, si le d\u00e9g\u00e2t est irr\u00e9parable, il faudra faire intervenir une assurance RC.<\/p><\/div><\/div><\/div><div class=\"ea-card sp-ea-single\"><h3 class=\"ea-header\"><a class=\"collapsed\" id=\"ea-header-3976\" role=\"button\" data-sptoggle=\"spcollapse\" data-sptarget=\"#collapse3976\" aria-controls=\"collapse3976\" href=\"#\" aria-expanded=\"false\" tabindex=\"0\"><i aria-hidden=\"true\" role=\"presentation\" class=\"ea-expand-icon eap-icon-ea-expand-plus\"><\/i> L'\u00e9cran de ma tablette est cass\u00e9, mais elle fonctionne encore. Que faire ?<\/a><\/h3><div class=\"sp-collapse spcollapse spcollapse\" id=\"collapse3976\" data-parent=\"#sp-ea-397\" role=\"region\" aria-labelledby=\"ea-header-3976\"> <div class=\"ea-body\"><p>Dans toute la mesure du possible, trouver le responsable. Annoncer le probl\u00e8me au secr\u00e9tariat, qui transmettra aux personnes comp\u00e9tentes. Les \u00e9crans peuvent \u00eatre r\u00e9par\u00e9s, le probl\u00e8me \u00e9tant le prix en comparaison de celui d'une tablette neuve. Il se peut que l'assurance RC priv\u00e9e du casseur soit sollicit\u00e9e pour financer la r\u00e9paration.<\/p><\/div><\/div><\/div><div class=\"ea-card sp-ea-single\"><h3 class=\"ea-header\"><a class=\"collapsed\" id=\"ea-header-3977\" role=\"button\" data-sptoggle=\"spcollapse\" data-sptarget=\"#collapse3977\" aria-controls=\"collapse3977\" href=\"#\" aria-expanded=\"false\" tabindex=\"0\"><i aria-hidden=\"true\" role=\"presentation\" class=\"ea-expand-icon eap-icon-ea-expand-plus\"><\/i> Ma tablette ne semble plus se charger<\/a><\/h3><div class=\"sp-collapse spcollapse spcollapse\" id=\"collapse3977\" data-parent=\"#sp-ea-397\" role=\"region\" aria-labelledby=\"ea-header-3977\"> <div class=\"ea-body\"><ol><li>Utilisez le chargeur d'origine et le c\u00e2ble qui va avec. Laissez l'appareil une nuit compl\u00e8te en charge.<\/li><li>Essayez avec un autre c\u00e2ble et un autre chargeur (pr\u00eat\u00e9 par un coll\u00e8gue par exemple)<\/li><li>Si apr\u00e8s plusieurs essais et de nombreuses heures de charge, il ne se passe toujours rien, ramenez la\u00a0 machine, son chargeur et son c\u00e2ble au secr\u00e9tariat en expliquant le probl\u00e8me.<\/li><\/ol><p>Parfois, une tablette qui a \u00e9t\u00e9 d\u00e9charg\u00e9e tr\u00e8s longtemps (plusieurs mois) peine \u00e0 recommencer un cycle de charge. On parvient g\u00e9n\u00e9ralement \u00e0 relancer la chose en la connectant plusieurs fois de suite au chargeur.<\/p><p>Si la batterie est vraiment morte, la tablette devra \u00eatre remplac\u00e9e. L'octroi d'une nouvelle tablette d\u00e9pendra du stock \u00e0 disposition, donc ne sera peut-\u00eatre pas imm\u00e9diat.<\/p><\/div><\/div><\/div><div class=\"ea-card sp-ea-single\"><h3 class=\"ea-header\"><a class=\"collapsed\" id=\"ea-header-3978\" role=\"button\" data-sptoggle=\"spcollapse\" data-sptarget=\"#collapse3978\" aria-controls=\"collapse3978\" href=\"#\" aria-expanded=\"false\" tabindex=\"0\"><i aria-hidden=\"true\" role=\"presentation\" class=\"ea-expand-icon eap-icon-ea-expand-plus\"><\/i> Ma tablette a \u00e9t\u00e9 perdue<\/a><\/h3><div class=\"sp-collapse spcollapse spcollapse\" id=\"collapse3978\" data-parent=\"#sp-ea-397\" role=\"region\" aria-labelledby=\"ea-header-3978\"> <div class=\"ea-body\"><p>Retrouvez-la ! Vous en \u00eates responsable et une perte peut vous \u00eatre factur\u00e9e par la commune.<\/p><\/div><\/div><\/div><div class=\"ea-card sp-ea-single\"><h3 class=\"ea-header\"><a class=\"collapsed\" id=\"ea-header-3979\" role=\"button\" data-sptoggle=\"spcollapse\" data-sptarget=\"#collapse3979\" aria-controls=\"collapse3979\" href=\"#\" aria-expanded=\"false\" tabindex=\"0\"><i aria-hidden=\"true\" role=\"presentation\" class=\"ea-expand-icon eap-icon-ea-expand-plus\"><\/i> On est entr\u00e9 par effraction dans ma classe et la tablette a disparu.<\/a><\/h3><div class=\"sp-collapse spcollapse spcollapse\" id=\"collapse3979\" data-parent=\"#sp-ea-397\" role=\"region\" aria-labelledby=\"ea-header-3979\"> <div class=\"ea-body\"><p>En cas de cambriolage, signaler le fait au secr\u00e9tariat, qui contactera la police. Des assurances entrent en jeu pour le remboursement des objets vol\u00e9s.<\/p><\/div><\/div><\/div><div class=\"ea-card sp-ea-single\"><h3 class=\"ea-header\"><a class=\"collapsed\" id=\"ea-header-39710\" role=\"button\" data-sptoggle=\"spcollapse\" data-sptarget=\"#collapse39710\" aria-controls=\"collapse39710\" href=\"#\" aria-expanded=\"false\" tabindex=\"0\"><i aria-hidden=\"true\" role=\"presentation\" class=\"ea-expand-icon eap-icon-ea-expand-plus\"><\/i> Ma tablette a \u00e9t\u00e9 endommag\u00e9e par un \u00e9v\u00e9nement naturel (d\u00e9g\u00e2t d'eau, foudre...)<\/a><\/h3><div class=\"sp-collapse spcollapse spcollapse\" id=\"collapse39710\" data-parent=\"#sp-ea-397\" role=\"region\" aria-labelledby=\"ea-header-39710\"> <div class=\"ea-body\"><p>Signalez la chose au secr\u00e9tariat. Des assurances entrent en jeu pour remplacer les appareils endommag\u00e9s.<\/p><\/div><\/div><\/div><div class=\"ea-card sp-ea-single\"><h3 class=\"ea-header\"><a class=\"collapsed\" id=\"ea-header-39711\" role=\"button\" data-sptoggle=\"spcollapse\" data-sptarget=\"#collapse39711\" aria-controls=\"collapse39711\" href=\"#\" aria-expanded=\"false\" tabindex=\"0\"><i aria-hidden=\"true\" role=\"presentation\" class=\"ea-expand-icon eap-icon-ea-expand-plus\"><\/i> Le chargeur, le c\u00e2ble de charge est endommag\u00e9 ou perdu. Que faire ?<\/a><\/h3><div class=\"sp-collapse spcollapse spcollapse\" id=\"collapse39711\" data-parent=\"#sp-ea-397\" role=\"region\" aria-labelledby=\"ea-header-39711\"> <div class=\"ea-body\"><p>Prendre contact avec Pierre-Gilles ou David. Il existe un petit stock de c\u00e2bles et de chargeurs de r\u00e9serve.<\/p><p>Ceux-ci sont attribu\u00e9s sur demande et si n\u00e9cessaire (livraison par la poste interne pour le C1-C2).<\/p><p>Toutefois, si un \u00e9l\u00e8ve a, par n\u00e9gligence ou par malveillance, d\u00e9t\u00e9rior\u00e9 ce mat\u00e9riel, il pourra lui \u00eatre factur\u00e9.<\/p><p>&nbsp;<\/p><\/div><\/div><\/div><div class=\"ea-card sp-ea-single\"><h3 class=\"ea-header\"><a class=\"collapsed\" id=\"ea-header-39712\" role=\"button\" data-sptoggle=\"spcollapse\" data-sptarget=\"#collapse39712\" aria-controls=\"collapse39712\" href=\"#\" aria-expanded=\"false\" tabindex=\"0\"><i aria-hidden=\"true\" role=\"presentation\" class=\"ea-expand-icon eap-icon-ea-expand-plus\"><\/i> J'ai un probl\u00e8me technique qui ne figure pas dans la liste<\/a><\/h3><div class=\"sp-collapse spcollapse spcollapse\" id=\"collapse39712\" data-parent=\"#sp-ea-397\" role=\"region\" aria-labelledby=\"ea-header-39712\"> <div class=\"ea-body\"><p>C1-C2 : contacter Pierre-Gilles Pochon<\/p><p>C3 : contacter David Matthey<\/p><\/div><\/div><\/div><\/div><\/div>\n","protected":false},"excerpt":{"rendered":"","protected":false},"author":2,"featured_media":0,"parent":0,"menu_order":0,"comment_status":"closed","ping_status":"closed","template":"","meta":{"_view_id":"","footnotes":""},"class_list":["post-411","page","type-page","status-publish","hentry"],"_links":{"self":[{"href":"https:\/\/csvrforms.ch\/index.php?rest_route=\/wp\/v2\/pages\/411","targetHints":{"allow":["GET"]}}],"collection":[{"href":"https:\/\/csvrforms.ch\/index.php?rest_route=\/wp\/v2\/pages"}],"about":[{"href":"https:\/\/csvrforms.ch\/index.php?rest_route=\/wp\/v2\/types\/page"}],"author":[{"embeddable":true,"href":"https:\/\/csvrforms.ch\/index.php?rest_route=\/wp\/v2\/users\/2"}],"replies":[{"embeddable":true,"href":"https:\/\/csvrforms.ch\/index.php?rest_route=%2Fwp%2Fv2%2Fcomments&post=411"}],"version-history":[{"count":2,"href":"https:\/\/csvrforms.ch\/index.php?rest_route=\/wp\/v2\/pages\/411\/revisions"}],"predecessor-version":[{"id":413,"href":"https:\/\/csvrforms.ch\/index.php?rest_route=\/wp\/v2\/pages\/411\/revisions\/413"}],"wp:attachment":[{"href":"https:\/\/csvrforms.ch\/index.php?rest_route=%2Fwp%2Fv2%2Fmedia&parent=411"}],"curies":[{"name":"wp","href":"https:\/\/api.w.org\/{rel}","templated":true}]}}