{"id":398,"date":"2023-07-29T20:10:48","date_gmt":"2023-07-29T18:10:48","guid":{"rendered":"https:\/\/csvrforms.ch\/?page_id=398"},"modified":"2025-10-26T12:20:27","modified_gmt":"2025-10-26T11:20:27","slug":"informations-tablettes-csvr","status":"publish","type":"page","link":"https:\/\/csvrforms.ch\/?page_id=398","title":{"rendered":"Informations tablettes CSVR"},"content":{"rendered":"\n<p>Une <strong>foire aux questions<\/strong> est \u00e0 disposition ci-dessous pour que vous puissiez trouver tous les renseignements dont vous pourriez avoir besoin. Elle est regroup\u00e9e par sujets. <strong>Les informations plus sensibles concernant ces IPADS se trouvent dans Pronote<\/strong>, dans les casiers de documents, accessibles aux seuls professeurs du CSVR.<\/p>\n\n\n\n<p><\/p>\n\n\n\n<div class=\"wp-block-buttons is-layout-flex wp-block-buttons-is-layout-flex\">\n<div class=\"wp-block-button\"><a class=\"wp-block-button__link wp-element-button\" href=\"https:\/\/csvrforms.ch\/?page_id=578\">Comment s&rsquo;y retrouver dans cette vari\u00e9t\u00e9 de tablettes ?<\/a><\/div>\n<\/div>\n\n\n\n<p><\/p>\n\n\n\n<div class=\"wp-block-buttons is-layout-flex wp-block-buttons-is-layout-flex\">\n<div class=\"wp-block-button\"><a class=\"wp-block-button__link wp-element-button\" href=\"https:\/\/csvrforms.ch\/?page_id=388\">Obtention, transmission et reddition d&rsquo;une tablette pour ma classe<\/a><\/div>\n<\/div>\n\n\n\n<p><\/p>\n\n\n\n<div class=\"wp-block-buttons is-layout-flex wp-block-buttons-is-layout-flex\">\n<div class=\"wp-block-button\"><a class=\"wp-block-button__link wp-element-button\" href=\"https:\/\/csvrforms.ch\/?page_id=384\">Applications sur les tablettes, installations<\/a><\/div>\n<\/div>\n\n\n\n<p><\/p>\n\n\n\n<div class=\"wp-block-buttons is-layout-flex wp-block-buttons-is-layout-flex\">\n<div class=\"wp-block-button\"><a class=\"wp-block-button__link wp-element-button\" href=\"https:\/\/csvrforms.ch\/?page_id=380\">Connexion \u00e0 des r\u00e9seaux<\/a><\/div>\n<\/div>\n\n\n\n<p><\/p>\n\n\n\n<div class=\"wp-block-buttons is-layout-flex wp-block-buttons-is-layout-flex\">\n<div class=\"wp-block-button\"><a class=\"wp-block-button__link wp-element-button\" href=\"https:\/\/csvrforms.ch\/?page_id=393\">Tablettes OISOTAB<\/a><\/div>\n<\/div>\n\n\n\n<p><\/p>\n\n\n\n<div class=\"wp-block-buttons is-layout-flex wp-block-buttons-is-layout-flex\">\n<div class=\"wp-block-button\"><a class=\"wp-block-button__link wp-element-button\" href=\"https:\/\/csvrforms.ch\/?page_id=411\">Probl\u00e8me technique, casse, perte<\/a><\/div>\n<\/div>\n\n\n\n<p><\/p>\n\n\n\n<div class=\"wp-block-buttons is-layout-flex wp-block-buttons-is-layout-flex\">\n<div class=\"wp-block-button\"><a class=\"wp-block-button__link wp-element-button\" href=\"https:\/\/csvrforms.ch\/?page_id=420\">Utilisation : ce qui est autoris\u00e9 ou pas<\/a><\/div>\n<\/div>\n\n\n\n<p><\/p>\n\n\n\n<div class=\"wp-block-buttons is-layout-flex wp-block-buttons-is-layout-flex\">\n<div class=\"wp-block-button\"><a class=\"wp-block-button__link wp-element-button\" href=\"https:\/\/csvrforms.ch\/?page_id=427\">S\u00e9curit\u00e9 et mises \u00e0 jour<\/a><\/div>\n<\/div>\n\n\n\n<p><\/p>\n\n\n\n<div class=\"wp-block-buttons is-layout-flex wp-block-buttons-is-layout-flex\">\n<div class=\"wp-block-button\"><a class=\"wp-block-button__link wp-element-button\" href=\"https:\/\/csvrforms.ch\/?page_id=437\">Sauvegarde des fichiers de la tablette<\/a><\/div>\n<\/div>\n","protected":false},"excerpt":{"rendered":"<p>Une foire aux questions est \u00e0 disposition ci-dessous pour que vous puissiez trouver tous les renseignements dont vous pourriez avoir besoin. Elle est regroup\u00e9e par sujets. Les informations plus sensibles concernant ces IPADS se trouvent dans Pronote, dans les casiers de documents, accessibles aux seuls professeurs du CSVR.<\/p>\n","protected":false},"author":2,"featured_media":0,"parent":0,"menu_order":0,"comment_status":"closed","ping_status":"closed","template":"","meta":{"_view_id":"","footnotes":""},"class_list":["post-398","page","type-page","status-publish","hentry"],"_links":{"self":[{"href":"https:\/\/csvrforms.ch\/index.php?rest_route=\/wp\/v2\/pages\/398","targetHints":{"allow":["GET"]}}],"collection":[{"href":"https:\/\/csvrforms.ch\/index.php?rest_route=\/wp\/v2\/pages"}],"about":[{"href":"https:\/\/csvrforms.ch\/index.php?rest_route=\/wp\/v2\/types\/page"}],"author":[{"embeddable":true,"href":"https:\/\/csvrforms.ch\/index.php?rest_route=\/wp\/v2\/users\/2"}],"replies":[{"embeddable":true,"href":"https:\/\/csvrforms.ch\/index.php?rest_route=%2Fwp%2Fv2%2Fcomments&post=398"}],"version-history":[{"count":21,"href":"https:\/\/csvrforms.ch\/index.php?rest_route=\/wp\/v2\/pages\/398\/revisions"}],"predecessor-version":[{"id":589,"href":"https:\/\/csvrforms.ch\/index.php?rest_route=\/wp\/v2\/pages\/398\/revisions\/589"}],"wp:attachment":[{"href":"https:\/\/csvrforms.ch\/index.php?rest_route=%2Fwp%2Fv2%2Fmedia&parent=398"}],"curies":[{"name":"wp","href":"https:\/\/api.w.org\/{rel}","templated":true}]}}