{"id":393,"date":"2023-07-29T17:31:27","date_gmt":"2023-07-29T15:31:27","guid":{"rendered":"https:\/\/csvrforms.ch\/?page_id=393"},"modified":"2025-10-26T11:10:12","modified_gmt":"2025-10-26T10:10:12","slug":"faq-oisotab-tablettes-sop-equipes-ressources-fs","status":"publish","type":"page","link":"https:\/\/csvrforms.ch\/?page_id=393","title":{"rendered":"FAQ OISOTAB\/SOUTIENTAB (tablettes SOP, \u00e9quipes ressources, FS)"},"content":{"rendered":"<style>#sp-ea-392 .spcollapsing { height: 0; overflow: hidden; transition-property: height;transition-duration: 300ms;}#sp-ea-392.sp-easy-accordion>.sp-ea-single {margin-bottom: 10px; border: 1px solid #e2e2e2; }#sp-ea-392.sp-easy-accordion>.sp-ea-single>.ea-header a {color: #444;}#sp-ea-392.sp-easy-accordion>.sp-ea-single>.sp-collapse>.ea-body {background: #fff; color: #444;}#sp-ea-392.sp-easy-accordion>.sp-ea-single {background: #eee;}#sp-ea-392.sp-easy-accordion>.sp-ea-single>.ea-header a .ea-expand-icon { float: left; color: #444;font-size: 16px;}<\/style><div id=\"sp_easy_accordion-1690643270\"><div id=\"sp-ea-392\" class=\"sp-ea-one sp-easy-accordion\" data-ea-active=\"ea-hover\" data-ea-mode=\"vertical\" data-preloader=\"\" data-scroll-active-item=\"\" data-offset-to-scroll=\"0\"><div class=\"ea-card sp-ea-single\"><h3 class=\"ea-header\"><a class=\"collapsed\" id=\"ea-header-3920\" role=\"button\" data-sptoggle=\"spcollapse\" data-sptarget=\"#collapse3920\" aria-controls=\"collapse3920\" href=\"#\" aria-expanded=\"false\" tabindex=\"0\"><i aria-hidden=\"true\" role=\"presentation\" class=\"ea-expand-icon eap-icon-ea-expand-plus\"><\/i> En quoi une OISOTAB\/SOUTIENTAB est-elle diff\u00e9rente d'une CSVRTAB ?<\/a><\/h3><div class=\"sp-collapse spcollapse spcollapse\" id=\"collapse3920\" data-parent=\"#sp-ea-392\" role=\"region\" aria-labelledby=\"ea-header-3920\"> <div class=\"ea-body\"><p>Le canton de Neuch\u00e2tel fournit un certain nombre de tablettes pour le soutien p\u00e9dagogique (projet soutien cantonal). Ces appareils sont <strong>pay\u00e9s et g\u00e9r\u00e9s par le canton<\/strong>. Ils sont d\u00e9sign\u00e9s par les noms\u00a0<strong>OISOTAB XXX ou SOUTIENTABXXX<\/strong>. Ces appareils sont attribu\u00e9s aux enseignant-e-s de soutien ou FS.<\/p><p>Les programmes install\u00e9s sont \u00e9galement g\u00e9r\u00e9s par le canton. (OISO). Les applications pour \u00e9l\u00e8ves API sont un peu plus nombreuses sur les que sur les CSVRTAB.<\/p><\/div><\/div><\/div><div class=\"ea-card sp-ea-single\"><h3 class=\"ea-header\"><a class=\"collapsed\" id=\"ea-header-3921\" role=\"button\" data-sptoggle=\"spcollapse\" data-sptarget=\"#collapse3921\" aria-controls=\"collapse3921\" href=\"#\" aria-expanded=\"false\" tabindex=\"0\"><i aria-hidden=\"true\" role=\"presentation\" class=\"ea-expand-icon eap-icon-ea-expand-plus\"><\/i> A qui sont attribu\u00e9es les OISOTAB\/SOUTIENTAB ?<\/a><\/h3><div class=\"sp-collapse spcollapse spcollapse\" id=\"collapse3921\" data-parent=\"#sp-ea-392\" role=\"region\" aria-labelledby=\"ea-header-3921\"> <div class=\"ea-body\"><p>Ces appareils sont attribu\u00e9s aux enseignant-e-s de soutien ou FS (\u00e9quipe ressource.)<\/p><\/div><\/div><\/div><div class=\"ea-card sp-ea-single\"><h3 class=\"ea-header\"><a class=\"collapsed\" id=\"ea-header-3922\" role=\"button\" data-sptoggle=\"spcollapse\" data-sptarget=\"#collapse3922\" aria-controls=\"collapse3922\" href=\"#\" aria-expanded=\"false\" tabindex=\"0\"><i aria-hidden=\"true\" role=\"presentation\" class=\"ea-expand-icon eap-icon-ea-expand-plus\"><\/i> Je suis en classe FR et j'ai re\u00e7u une OISOTAB\/SOUTIENTAB pour ma classe.<\/a><\/h3><div class=\"sp-collapse spcollapse spcollapse\" id=\"collapse3922\" data-parent=\"#sp-ea-392\" role=\"region\" aria-labelledby=\"ea-header-3922\"> <div class=\"ea-body\"><p>C'est une erreur, vous devez l'\u00e9changer au secr\u00e9tariat contre une CSVRTAB.<\/p><\/div><\/div><\/div><div class=\"ea-card sp-ea-single\"><h3 class=\"ea-header\"><a class=\"collapsed\" id=\"ea-header-3923\" role=\"button\" data-sptoggle=\"spcollapse\" data-sptarget=\"#collapse3923\" aria-controls=\"collapse3923\" href=\"#\" aria-expanded=\"false\" tabindex=\"0\"><i aria-hidden=\"true\" role=\"presentation\" class=\"ea-expand-icon eap-icon-ea-expand-plus\"><\/i> Je suis enseignant-e de soutien \/ FS et je quitte mon poste. Que faire de l'OISOTAB\/SOUTIENTAB ?<\/a><\/h3><div class=\"sp-collapse spcollapse spcollapse\" id=\"collapse3923\" data-parent=\"#sp-ea-392\" role=\"region\" aria-labelledby=\"ea-header-3923\"> <div class=\"ea-body\"><p>Les OISOTAB sont pay\u00e9es par le canton, <strong>comptabilis\u00e9es par cercle<\/strong> et r\u00e9serv\u00e9es aux personnes des \u00e9quipes ressource (SOP, SOM, soutien, FS, etc.)<\/p><p><strong>Par cons\u00e9quent, si vous quittez l\u2019\u00e9quipe ressource\/le SOP\/la classe FS \u00a0du CSVR, vous devez rendre votre OISOTAB.<\/strong><\/p><p>&nbsp;<\/p><p><strong><u>Deux possibilit\u00e9s<\/u>\u00a0:<\/strong><\/p><ul><li><strong><u>UNIQUEMENT VALABLE POUR LES OISOTAB\/SOUTIENTAB<\/u>:<\/strong><\/li><\/ul><p>Vous savez pr\u00e9cis\u00e9ment qui vous succ\u00e8de et vous croisez r\u00e9guli\u00e8rement cette personne.<\/p><p>Vous pouvez lui transmettre directement l\u2019IPAD COMPLET (avec c\u00e2ble, chargeur, fourre et adaptateur USB.)<\/p><p>Vous <strong>signalez imp\u00e9rativement ce changement au secr\u00e9tariat<\/strong>. La personne qui vous succ\u00e8de devra y passer en personne pour\u00a0 signer la feuille.<\/p><p>&nbsp;<\/p><ul><li><strong><u>Proc\u00e9dure habituelle valable pour n\u2019importe quel IPAD<\/u>:<\/strong><\/li><\/ul><p>(Si vous ne savez pas qui vous succ\u00e8de, si votre coll\u00e8gue a d\u00e9j\u00e0 une OISOTAB ou si vous avez en plus des CSVRTAB).<\/p><p>Reddition de la tablette compl\u00e8te au secr\u00e9tariat.<\/p><p>&nbsp;<\/p><p>En cas de reddition, n\u2019oubliez pas de sauvegarder les fichiers dont vous pourriez avoir besoin.<\/p><p><strong>Merci, le cas \u00e9ch\u00e9ant, de faire ces d\u00e9marches avant la rentr\u00e9e scolaire de sorte que les personnes qui vous succ\u00e8dent puissent disposer de cet outil de travail d\u00e8s la rentr\u00e9e.<\/strong><\/p><\/div><\/div><\/div><div class=\"ea-card sp-ea-single\"><h3 class=\"ea-header\"><a class=\"collapsed\" id=\"ea-header-3924\" role=\"button\" data-sptoggle=\"spcollapse\" data-sptarget=\"#collapse3924\" aria-controls=\"collapse3924\" href=\"#\" aria-expanded=\"false\" tabindex=\"0\"><i aria-hidden=\"true\" role=\"presentation\" class=\"ea-expand-icon eap-icon-ea-expand-plus\"><\/i> Je suis enseignant-e de soutien \/ FS et je continue ma carri\u00e8re dans un autre centre. Que faire de l'OISOTAB\/SOUTIENTAB ?<\/a><\/h3><div class=\"sp-collapse spcollapse spcollapse\" id=\"collapse3924\" data-parent=\"#sp-ea-392\" role=\"region\" aria-labelledby=\"ea-header-3924\"> <div class=\"ea-body\"><p><strong>Vous devez la rendre au secr\u00e9tariat du CSVR ou la transmettre \u00e0 votre successeur.<\/strong> Vous n'avez pas le droit de la prendre dans votre nouveau cercle. Les OISOTAB sont attribu\u00e9es aux cercles et non aux enseignant-e-s de soutien.<\/p><\/div><\/div><\/div><div class=\"ea-card sp-ea-single\"><h3 class=\"ea-header\"><a class=\"collapsed\" id=\"ea-header-3925\" role=\"button\" data-sptoggle=\"spcollapse\" data-sptarget=\"#collapse3925\" aria-controls=\"collapse3925\" href=\"#\" aria-expanded=\"false\" tabindex=\"0\"><i aria-hidden=\"true\" role=\"presentation\" class=\"ea-expand-icon eap-icon-ea-expand-plus\"><\/i> Mon \u00e9quipe ressource a aussi des CSVRTAB et pas uniquement des OISOTAB\/SOUTIENTAB. Pourquoi ?<\/a><\/h3><div class=\"sp-collapse spcollapse spcollapse\" id=\"collapse3925\" data-parent=\"#sp-ea-392\" role=\"region\" aria-labelledby=\"ea-header-3925\"> <div class=\"ea-body\"><p>Un certain nombre de tablettes CSVRTAB ont \u00e9t\u00e9 attribu\u00e9es aux \u00e9quipes ressources en suppl\u00e9ment des OISOTAB\/SOUTIENTAB.<\/p><p>Dans ce cas, les r\u00e8gles relatives aux CSVRTAB s\u2019appliquent. (CF FAQ CSVRTAB, attribution).<\/p><\/div><\/div><\/div><div class=\"ea-card sp-ea-single\"><h3 class=\"ea-header\"><a class=\"collapsed\" id=\"ea-header-3926\" role=\"button\" data-sptoggle=\"spcollapse\" data-sptarget=\"#collapse3926\" aria-controls=\"collapse3926\" href=\"#\" aria-expanded=\"false\" tabindex=\"0\"><i aria-hidden=\"true\" role=\"presentation\" class=\"ea-expand-icon eap-icon-ea-expand-plus\"><\/i> J'ai un probl\u00e8me technique avec une OISOTAB\/SOUTIENTAB. Puis-je m'adresser \u00e0 David ou \u00e0 Pierre-Gilles ?<\/a><\/h3><div class=\"sp-collapse spcollapse spcollapse\" id=\"collapse3926\" data-parent=\"#sp-ea-392\" role=\"region\" aria-labelledby=\"ea-header-3926\"> <div class=\"ea-body\"><p>Merci d'avoir pens\u00e9 \u00e0 nous. Nous pourrons vous d\u00e9panner <strong>si le probl\u00e8me est simple<\/strong> (comment faire pour tel r\u00e9glage, etc...)<\/p><p>Si le <strong>probl\u00e8me est technique<\/strong> (fonctionnement d\u00e9fectueux, applications qui ne sont pas l\u00e0 ou qui plantent...), c'est l'OISO qui devra le r\u00e9soudre. (contactez : tablettes.soutien@rpn.ch et ils vous indiqueront la proc\u00e9dure).<\/p><\/div><\/div><\/div><div class=\"ea-card sp-ea-single\"><h3 class=\"ea-header\"><a class=\"collapsed\" id=\"ea-header-3927\" role=\"button\" data-sptoggle=\"spcollapse\" data-sptarget=\"#collapse3927\" aria-controls=\"collapse3927\" href=\"#\" aria-expanded=\"false\" tabindex=\"0\"><i aria-hidden=\"true\" role=\"presentation\" class=\"ea-expand-icon eap-icon-ea-expand-plus\"><\/i> J'ai une autre question concernant les OISOTAB\/SOUTIENTAB.<\/a><\/h3><div class=\"sp-collapse spcollapse spcollapse\" id=\"collapse3927\" data-parent=\"#sp-ea-392\" role=\"region\" aria-labelledby=\"ea-header-3927\"> <div class=\"ea-body\"><p>Contactez Pierre-Gilles Pochon, qui vous renseignera ou vous aiguillera vers la personne qui peut vous informer.<\/p><\/div><\/div><\/div><\/div><\/div>\n","protected":false},"excerpt":{"rendered":"","protected":false},"author":2,"featured_media":0,"parent":0,"menu_order":0,"comment_status":"closed","ping_status":"closed","template":"","meta":{"_view_id":"","footnotes":""},"class_list":["post-393","page","type-page","status-publish","hentry"],"_links":{"self":[{"href":"https:\/\/csvrforms.ch\/index.php?rest_route=\/wp\/v2\/pages\/393","targetHints":{"allow":["GET"]}}],"collection":[{"href":"https:\/\/csvrforms.ch\/index.php?rest_route=\/wp\/v2\/pages"}],"about":[{"href":"https:\/\/csvrforms.ch\/index.php?rest_route=\/wp\/v2\/types\/page"}],"author":[{"embeddable":true,"href":"https:\/\/csvrforms.ch\/index.php?rest_route=\/wp\/v2\/users\/2"}],"replies":[{"embeddable":true,"href":"https:\/\/csvrforms.ch\/index.php?rest_route=%2Fwp%2Fv2%2Fcomments&post=393"}],"version-history":[{"count":2,"href":"https:\/\/csvrforms.ch\/index.php?rest_route=\/wp\/v2\/pages\/393\/revisions"}],"predecessor-version":[{"id":576,"href":"https:\/\/csvrforms.ch\/index.php?rest_route=\/wp\/v2\/pages\/393\/revisions\/576"}],"wp:attachment":[{"href":"https:\/\/csvrforms.ch\/index.php?rest_route=%2Fwp%2Fv2%2Fmedia&parent=393"}],"curies":[{"name":"wp","href":"https:\/\/api.w.org\/{rel}","templated":true}]}}