{"id":388,"date":"2023-07-29T16:00:05","date_gmt":"2023-07-29T14:00:05","guid":{"rendered":"https:\/\/csvrforms.ch\/?page_id=388"},"modified":"2025-10-26T13:33:34","modified_gmt":"2025-10-26T12:33:34","slug":"faq-demande-reddition-transmission-des-tablettes-nombre-autorise","status":"publish","type":"page","link":"https:\/\/csvrforms.ch\/?page_id=388","title":{"rendered":"FAQ demande, reddition, transmission des tablettes CSVRTAB, nombre autoris\u00e9&#8230;"},"content":{"rendered":"<style>#sp-ea-387 .spcollapsing { height: 0; overflow: hidden; transition-property: height;transition-duration: 300ms;}#sp-ea-387.sp-easy-accordion>.sp-ea-single {margin-bottom: 10px; border: 1px solid #e2e2e2; }#sp-ea-387.sp-easy-accordion>.sp-ea-single>.ea-header a {color: #444;}#sp-ea-387.sp-easy-accordion>.sp-ea-single>.sp-collapse>.ea-body {background: #fff; color: #444;}#sp-ea-387.sp-easy-accordion>.sp-ea-single {background: #eee;}#sp-ea-387.sp-easy-accordion>.sp-ea-single>.ea-header a .ea-expand-icon { float: left; color: #444;font-size: 16px;}<\/style><div id=\"sp_easy_accordion-1690638853\"><div id=\"sp-ea-387\" class=\"sp-ea-one sp-easy-accordion\" data-ea-active=\"ea-click\" data-ea-mode=\"vertical\" data-preloader=\"\" data-scroll-active-item=\"\" data-offset-to-scroll=\"0\"><div class=\"ea-card sp-ea-single\"><h3 class=\"ea-header\"><a class=\"collapsed\" id=\"ea-header-3870\" role=\"button\" data-sptoggle=\"spcollapse\" data-sptarget=\"#collapse3870\" aria-controls=\"collapse3870\" href=\"#\" aria-expanded=\"false\" tabindex=\"0\"><i aria-hidden=\"true\" role=\"presentation\" class=\"ea-expand-icon eap-icon-ea-expand-plus\"><\/i> Je suis au cycle 1 ou 2. Pour une activit\u00e9, je d\u00e9sire emprunter les tablettes g\u00e9r\u00e9es par la biblioth\u00e8que de la Fontenelle. Est-ce possible ?<\/a><\/h3><div class=\"sp-collapse spcollapse spcollapse\" id=\"collapse3870\" data-parent=\"#sp-ea-387\" role=\"region\" aria-labelledby=\"ea-header-3870\"> <div class=\"ea-body\"><p>Non. Ces tablettes sont r\u00e9serv\u00e9es au C3.<\/p><p>&nbsp;<\/p><p>Pour une activit\u00e9 particuli\u00e8re, il est possible de s'arranger entre coll\u00e8gues du m\u00eame coll\u00e8ge ou d'emprunter du mat\u00e9riel \u00e0 la m\u00e9diath\u00e8que de la HEP:<\/p><\/div><\/div><\/div><div class=\"ea-card sp-ea-single\"><h3 class=\"ea-header\"><a class=\"collapsed\" id=\"ea-header-3871\" role=\"button\" data-sptoggle=\"spcollapse\" data-sptarget=\"#collapse3871\" aria-controls=\"collapse3871\" href=\"#\" aria-expanded=\"false\" tabindex=\"0\"><i aria-hidden=\"true\" role=\"presentation\" class=\"ea-expand-icon eap-icon-ea-expand-plus\"><\/i> Comment puis-je obtenir une ou des tablettes pour ma classe ?<\/a><\/h3><div class=\"sp-collapse spcollapse spcollapse\" id=\"collapse3871\" data-parent=\"#sp-ea-387\" role=\"region\" aria-labelledby=\"ea-header-3871\"> <div class=\"ea-body\"><p>Vous devez faire une demande, soumise \u00e0 l\u2019approbation de la direction.<\/p><p><strong>En outre, l\u2019enseignant-e doit fournir un projet p\u00e9dagogique justifiant l\u2019emploi des tablettes, soumis lui aussi \u00e0 approbation.<\/strong><\/p><p><a href=\"https:\/\/plateforme.csvr.ch\/demande-ipad\/\">Formulaire de demande sur la plateforme<\/a><\/p><p>Les tablettes accept\u00e9es sont livr\u00e9es dans les meilleurs d\u00e9lais. Le financement des appareils, des applications, de la maintenance et des co\u00fbts d\u2019exploitation \u00e9tant totalement assur\u00e9s par la commune de Val-de-Ruz, l\u2019<strong>attribution des appareils d\u00e9pend directement du budget communal<\/strong>. Il arrive donc que le stock soit inexistant et que le d\u00e9lai d'attente soit long.<\/p><\/div><\/div><\/div><div class=\"ea-card sp-ea-single\"><h3 class=\"ea-header\"><a class=\"collapsed\" id=\"ea-header-3872\" role=\"button\" data-sptoggle=\"spcollapse\" data-sptarget=\"#collapse3872\" aria-controls=\"collapse3872\" href=\"#\" aria-expanded=\"false\" tabindex=\"0\"><i aria-hidden=\"true\" role=\"presentation\" class=\"ea-expand-icon eap-icon-ea-expand-plus\"><\/i> Combien puis-je obtenir de tablettes ?<\/a><\/h3><div class=\"sp-collapse spcollapse spcollapse\" id=\"collapse3872\" data-parent=\"#sp-ea-387\" role=\"region\" aria-labelledby=\"ea-header-3872\"> <div class=\"ea-body\"><p>Le nombre de tablettes\u00a0<strong>maximal\u00a0<\/strong>par enseignant-e est de\u00a0<strong>5 <\/strong>(en tout, pas par ann\u00e9e...) <strong>et ne doit en aucun cas \u00eatre d\u00e9pass\u00e9<\/strong>\u00a0(il s\u2019agit \u00e9galement d\u2019un\u00a0<strong>nombre maximal par classe<\/strong>. Exemple C1-C2 : des coll\u00e8gues fonctionnant en duo dans une classe n\u2019auront pas chacun 5 tablettes, mais 5 appareils en tout.)<\/p><p>Les attributions d\u00e9pendent du budget. En cas de demandes nombreuses :<\/p><ul><li>les projets p\u00e9dagogiques les plus aboutis seront favoris\u00e9s.<\/li><li>Les classes n'ayant pas encore de machines seront servies en premier.<\/li><\/ul><\/div><\/div><\/div><div class=\"ea-card sp-ea-single\"><h3 class=\"ea-header\"><a class=\"collapsed\" id=\"ea-header-3873\" role=\"button\" data-sptoggle=\"spcollapse\" data-sptarget=\"#collapse3873\" aria-controls=\"collapse3873\" href=\"#\" aria-expanded=\"false\" tabindex=\"0\"><i aria-hidden=\"true\" role=\"presentation\" class=\"ea-expand-icon eap-icon-ea-expand-plus\"><\/i> On m'a inform\u00e9 que ma tablette \u00e9tait disponible. Que dois-je faire ?<\/a><\/h3><div class=\"sp-collapse spcollapse spcollapse\" id=\"collapse3873\" data-parent=\"#sp-ea-387\" role=\"region\" aria-labelledby=\"ea-header-3873\"> <div class=\"ea-body\"><p>Vous devez <strong>passer personnellement au secr\u00e9tariat<\/strong> pour aller la chercher et pour signer <a href=\"https:\/\/csvrforms.ch\/wp-content\/uploads\/2024\/10\/Emprunt-Ipad.pdf\" target=\"_blank\" rel=\"noopener\">une charte d'utilisation<\/a>. Vous recevrez la tablette, ainsi qu'une feuille confidentielle comportant les divers mots de passe. La prise en charge de l'IPAD implique <strong>le respect des conditions mentionn\u00e9es dans la charte<\/strong>, notamment le fait que vous devez faire les mises \u00e0 jour en connectant la machine \u00e0 un r\u00e9seau Wi-Fi <strong>au moins une fois par mois<\/strong>.<\/p><\/div><\/div><\/div><div class=\"ea-card sp-ea-single\"><h3 class=\"ea-header\"><a class=\"collapsed\" id=\"ea-header-3874\" role=\"button\" data-sptoggle=\"spcollapse\" data-sptarget=\"#collapse3874\" aria-controls=\"collapse3874\" href=\"#\" aria-expanded=\"false\" tabindex=\"0\"><i aria-hidden=\"true\" role=\"presentation\" class=\"ea-expand-icon eap-icon-ea-expand-plus\"><\/i> Je change de coll\u00e8ge dans le cercle. Puis-je garder mes tablettes ?<\/a><\/h3><div class=\"sp-collapse spcollapse spcollapse\" id=\"collapse3874\" data-parent=\"#sp-ea-387\" role=\"region\" aria-labelledby=\"ea-header-3874\"> <div class=\"ea-body\"><p>OUI. Vous gardez vos tablettes dans la mesure o\u00f9 elles d\u00e9pendent de votre projet p\u00e9dagogique.<\/p><\/div><\/div><\/div><div class=\"ea-card sp-ea-single\"><h3 class=\"ea-header\"><a class=\"collapsed\" id=\"ea-header-3875\" role=\"button\" data-sptoggle=\"spcollapse\" data-sptarget=\"#collapse3875\" aria-controls=\"collapse3875\" href=\"#\" aria-expanded=\"false\" tabindex=\"0\"><i aria-hidden=\"true\" role=\"presentation\" class=\"ea-expand-icon eap-icon-ea-expand-plus\"><\/i> Je quitte le CSVR. Que dois-je faire avec ma tablette ?<\/a><\/h3><div class=\"sp-collapse spcollapse spcollapse\" id=\"collapse3875\" data-parent=\"#sp-ea-387\" role=\"region\" aria-labelledby=\"ea-header-3875\"> <div class=\"ea-body\"><p>Vous devez la <strong>rendre compl\u00e8te<\/strong> (appareil, chargeur, c\u00e2ble, housse) a<strong>u secr\u00e9tariat.<\/strong><\/p><p>Il n'est pas autoris\u00e9 de la remettre \u00e0 un-e autre coll\u00e8gue dans la mesure o\u00f9 l'octroi de la tablette est subordonn\u00e9 \u00e0 un projet p\u00e9dagogique.<\/p><\/div><\/div><\/div><div class=\"ea-card sp-ea-single\"><h3 class=\"ea-header\"><a class=\"collapsed\" id=\"ea-header-3876\" role=\"button\" data-sptoggle=\"spcollapse\" data-sptarget=\"#collapse3876\" aria-controls=\"collapse3876\" href=\"#\" aria-expanded=\"false\" tabindex=\"0\"><i aria-hidden=\"true\" role=\"presentation\" class=\"ea-expand-icon eap-icon-ea-expand-plus\"><\/i> Je quitte le CSVR et la personne qui me succ\u00e8de aimerait garder la tablette. Est-ce possible ?<\/a><\/h3><div class=\"sp-collapse spcollapse spcollapse\" id=\"collapse3876\" data-parent=\"#sp-ea-387\" role=\"region\" aria-labelledby=\"ea-header-3876\"> <div class=\"ea-body\"><p>Non, ce n'est pas autoris\u00e9. Votre successeur, comme tout-e coll\u00e8gue qui d\u00e9sire une tablette, doit faire une demande et fournir un projet p\u00e9dagogique.<\/p><p>La demande <strong>pourra toutefois \u00eatre trait\u00e9e rapidement<\/strong>, pour autant qu'il n'existe pas de \"liste d'attente\".<\/p><p>Le principe est que les tablettes disponibles soient utilis\u00e9es en classe et non pas stock\u00e9es au secr\u00e9tariat.<\/p><\/div><\/div><\/div><div class=\"ea-card sp-ea-single\"><h3 class=\"ea-header\"><a class=\"collapsed\" id=\"ea-header-3877\" role=\"button\" data-sptoggle=\"spcollapse\" data-sptarget=\"#collapse3877\" aria-controls=\"collapse3877\" href=\"#\" aria-expanded=\"false\" tabindex=\"0\"><i aria-hidden=\"true\" role=\"presentation\" class=\"ea-expand-icon eap-icon-ea-expand-plus\"><\/i> Je quitte le CSVR. J'\u00e9tais responsable des tablettes de ma classe. Ma coll\u00e8gue avec qui je travaillais en duo d\u00e9sire poursuivre notre projet p\u00e9dagogique. Peut-elle garder les tablettes?<\/a><\/h3><div class=\"sp-collapse spcollapse spcollapse\" id=\"collapse3877\" data-parent=\"#sp-ea-387\" role=\"region\" aria-labelledby=\"ea-header-3877\"> <div class=\"ea-body\"><p>OUI !<\/p><p><strong>Signaler imp\u00e9rativement le changement de responsable au secr\u00e9tariat.\u00a0<\/strong><\/p><p>Votre coll\u00e8gue, si elle n'a pas encore sign\u00e9 la charte, devra le faire.<\/p><\/div><\/div><\/div><div class=\"ea-card sp-ea-single\"><h3 class=\"ea-header\"><a class=\"collapsed\" id=\"ea-header-3878\" role=\"button\" data-sptoggle=\"spcollapse\" data-sptarget=\"#collapse3878\" aria-controls=\"collapse3878\" href=\"#\" aria-expanded=\"false\" tabindex=\"0\"><i aria-hidden=\"true\" role=\"presentation\" class=\"ea-expand-icon eap-icon-ea-expand-plus\"><\/i> Je dois rendre ma tablette de classe car je quitte le CSVR. Que dois-je faire ?<\/a><\/h3><div class=\"sp-collapse spcollapse spcollapse\" id=\"collapse3878\" data-parent=\"#sp-ea-387\" role=\"region\" aria-labelledby=\"ea-header-3878\"> <div class=\"ea-body\"><ol><li>Sauvegardez les documents\u00a0 que vous d\u00e9sirez garder (envoi par mail, cl\u00e9 USB, connexion \u00e0 un PC etc.)<\/li><li>Effacez les documents de la tablette (vid\u00e9os, textes,\u00a0 photos d'\u00e9l\u00e8ves, etc...)<\/li><li>Remettre le mot de passe original si vous l'avez chang\u00e9.<\/li><li>Passez au secr\u00e9tariat pour rendre la tablette et ses accessoires (fourre, chargeur, c\u00e2ble USB).<\/li><\/ol><\/div><\/div><\/div><div class=\"ea-card sp-ea-single\"><h3 class=\"ea-header\"><a class=\"collapsed\" id=\"ea-header-3879\" role=\"button\" data-sptoggle=\"spcollapse\" data-sptarget=\"#collapse3879\" aria-controls=\"collapse3879\" href=\"#\" aria-expanded=\"false\" tabindex=\"0\"><i aria-hidden=\"true\" role=\"presentation\" class=\"ea-expand-icon eap-icon-ea-expand-plus\"><\/i> Un-e coll\u00e8gue arr\u00eate ou une classe se ferme dans mon coll\u00e8ge. Puis-je reprendre les tablettes pour ma classe ?<\/a><\/h3><div class=\"sp-collapse spcollapse spcollapse\" id=\"collapse3879\" data-parent=\"#sp-ea-387\" role=\"region\" aria-labelledby=\"ea-header-3879\"> <div class=\"ea-body\"><p>Non, ce n'est pas autoris\u00e9. L'enseignant-e qui avait la responsabilit\u00e9 de ces tablettes doit les rendre au secr\u00e9tariat.<\/p><p>Tout-e coll\u00e8gue qui d\u00e9sire une tablette, doit faire une demande et fournir un projet p\u00e9dagogique.<\/p><p>Il n'est en outre pas autoris\u00e9 d'avoir plus de 5 tablettes par classe.<\/p><p>Une demande de votre part <strong>pourra toutefois \u00eatre trait\u00e9e rapidement<\/strong>, pour autant qu'il n'existe pas de \"liste d'attente\".<\/p><p>Le principe est que les tablettes disponibles soient utilis\u00e9es en classe et non pas stock\u00e9es au secr\u00e9tariat.<\/p><\/div><\/div><\/div><div class=\"ea-card sp-ea-single\"><h3 class=\"ea-header\"><a class=\"collapsed\" id=\"ea-header-38710\" role=\"button\" data-sptoggle=\"spcollapse\" data-sptarget=\"#collapse38710\" aria-controls=\"collapse38710\" href=\"#\" aria-expanded=\"false\" tabindex=\"0\"><i aria-hidden=\"true\" role=\"presentation\" class=\"ea-expand-icon eap-icon-ea-expand-plus\"><\/i> J'ai diminu\u00e9 mon temps de travail et je partage maintenant ma classe avec un-e coll\u00e8gue qui a aussi des tablettes. Que devons -nous faire ?<\/a><\/h3><div class=\"sp-collapse spcollapse spcollapse\" id=\"collapse38710\" data-parent=\"#sp-ea-387\" role=\"region\" aria-labelledby=\"ea-header-38710\"> <div class=\"ea-body\"><p>En cas de recombinaison d\u2019un duo (ex : 2 personnes \u00e0 100% qui baissent leur taux et reprennent ensemble une seule classe), les tablettes sont attribu\u00e9es \u00e0 la classe <strong>jusqu\u2019\u00e0 concurrence de 5. Les \u00e9ventuelles tablettes surnum\u00e9raires sont rendues au secr\u00e9tariat.<\/strong><\/p><\/div><\/div><\/div><div class=\"ea-card sp-ea-single\"><h3 class=\"ea-header\"><a class=\"collapsed\" id=\"ea-header-38711\" role=\"button\" data-sptoggle=\"spcollapse\" data-sptarget=\"#collapse38711\" aria-controls=\"collapse38711\" href=\"#\" aria-expanded=\"false\" tabindex=\"0\"><i aria-hidden=\"true\" role=\"presentation\" class=\"ea-expand-icon eap-icon-ea-expand-plus\"><\/i> Je travaillais en duo et nous reprenons chacun-e une classe. Que faire des tablettes ?<\/a><\/h3><div class=\"sp-collapse spcollapse spcollapse\" id=\"collapse38711\" data-parent=\"#sp-ea-387\" role=\"region\" aria-labelledby=\"ea-header-38711\"> <div class=\"ea-body\"><p>En cas de s\u00e9paration d'un duo (ex. 2 coll\u00e8gues \u00e0 50% qui reprennent 2 classes \u00e0 100%), les tablettes sont <strong>r\u00e9parties \u00e9quitablement entre les coll\u00e8gues<\/strong>. Nous partons du principe que les 2 coll\u00e8gues du duo ont un projet p\u00e9dagogique commun, qu'ils vont continuer de mener dans leurs nouvelles classes respectives.<\/p><p>L<strong>es feuilles de signatures au secr\u00e9tariat doivent \u00eatre adapt\u00e9es en cons\u00e9quence<\/strong>.<\/p><p>Si une r\u00e9partition \u00e9quitable n\u2019est pas possible (ex. une seule tablette), c\u2019est le coll\u00e8gue qui a sign\u00e9 la feuille qui la garde.<\/p><\/div><\/div><\/div><div class=\"ea-card sp-ea-single\"><h3 class=\"ea-header\"><a class=\"collapsed\" id=\"ea-header-38712\" role=\"button\" data-sptoggle=\"spcollapse\" data-sptarget=\"#collapse38712\" aria-controls=\"collapse38712\" href=\"#\" aria-expanded=\"false\" tabindex=\"0\"><i aria-hidden=\"true\" role=\"presentation\" class=\"ea-expand-icon eap-icon-ea-expand-plus\"><\/i> Je n'utilise plus ma tablette. La coll\u00e8gue d'une autre classe est int\u00e9ress\u00e9e. Puis-je la lui remettre ?<\/a><\/h3><div class=\"sp-collapse spcollapse spcollapse\" id=\"collapse38712\" data-parent=\"#sp-ea-387\" role=\"region\" aria-labelledby=\"ea-header-38712\"> <div class=\"ea-body\"><p>Non, ce n'est pas autoris\u00e9. Vous devez rendre la machine au secr\u00e9tariat.<\/p><p>Tout-e coll\u00e8gue qui d\u00e9sire une tablette, doit faire une demande et fournir un projet p\u00e9dagogique.<\/p><p>La demande <strong>pourra toutefois \u00eatre trait\u00e9e rapidement<\/strong>, pour autant qu'il n'existe pas de \"liste d'attente\".<\/p><p>Le principe est que les tablettes disponibles soient utilis\u00e9es en classe et non pas stock\u00e9es au secr\u00e9tariat.<\/p><\/div><\/div><\/div><div class=\"ea-card sp-ea-single\"><h3 class=\"ea-header\"><a class=\"collapsed\" id=\"ea-header-38713\" role=\"button\" data-sptoggle=\"spcollapse\" data-sptarget=\"#collapse38713\" aria-controls=\"collapse38713\" href=\"#\" aria-expanded=\"false\" tabindex=\"0\"><i aria-hidden=\"true\" role=\"presentation\" class=\"ea-expand-icon eap-icon-ea-expand-plus\"><\/i> Nous n'avons pas de tablettes de classe mais quelques tablettes de coll\u00e8ge. Qui en est responsable ?<\/a><\/h3><div class=\"sp-collapse spcollapse spcollapse\" id=\"collapse38713\" data-parent=\"#sp-ea-387\" role=\"region\" aria-labelledby=\"ea-header-38713\"> <div class=\"ea-body\"><p>Vous en \u00eates responsable d\u00e8s le moment o\u00f9 vous les utilisez dans votre classe.<\/p><p>&nbsp;<\/p><p><strong>Au C1-C2 :<\/strong><\/p><p>C'est le correspondant informatique (ou \u00e0 d\u00e9faut, le d\u00e9l\u00e9gu\u00e9) du coll\u00e8ge qui signera les chartes. <strong>En cas de changement de correspondant, les modifications doivent \u00eatre communiqu\u00e9es au secr\u00e9tariat.<\/strong><\/p><\/div><\/div><\/div><div class=\"ea-card sp-ea-single\"><h3 class=\"ea-header\"><a class=\"collapsed\" id=\"ea-header-38714\" role=\"button\" data-sptoggle=\"spcollapse\" data-sptarget=\"#collapse38714\" aria-controls=\"collapse38714\" href=\"#\" aria-expanded=\"false\" tabindex=\"0\"><i aria-hidden=\"true\" role=\"presentation\" class=\"ea-expand-icon eap-icon-ea-expand-plus\"><\/i> Je suis en duo, pourquoi ne pouvons-nous pas signer la feuille \u00e0 2 ?<\/a><\/h3><div class=\"sp-collapse spcollapse spcollapse\" id=\"collapse38714\" data-parent=\"#sp-ea-387\" role=\"region\" aria-labelledby=\"ea-header-38714\"> <div class=\"ea-body\"><p>Pour une question de suivi. Quand les duos changent et qu'il y a plusieurs personnes responsables, il n'est plus possible de savoir \u00e0 qui s'adresser et o\u00f9 se trouvent les tablettes.<\/p><\/div><\/div><\/div><div class=\"ea-card sp-ea-single\"><h3 class=\"ea-header\"><a class=\"collapsed\" id=\"ea-header-38715\" role=\"button\" data-sptoggle=\"spcollapse\" data-sptarget=\"#collapse38715\" aria-controls=\"collapse38715\" href=\"#\" aria-expanded=\"false\" tabindex=\"0\"><i aria-hidden=\"true\" role=\"presentation\" class=\"ea-expand-icon eap-icon-ea-expand-plus\"><\/i> Je d\u00e9sire une tablette, mais je veux la g\u00e9rer moi-m\u00eame et je n'ai pas besoin qu'elle soit enr\u00f4l\u00e9e sur le serveur. Est-ce possible ?<\/a><\/h3><div class=\"sp-collapse spcollapse spcollapse\" id=\"collapse38715\" data-parent=\"#sp-ea-387\" role=\"region\" aria-labelledby=\"ea-header-38715\"> <div class=\"ea-body\"><p><strong>Non, ce n'est plus autoris\u00e9<\/strong>. Toutes les tablettes pay\u00e9es par le cercle doivent faire partie du syst\u00e8me de gestion.<\/p><p>&nbsp;<\/p><p>Pourquoi ?<\/p><ul><li>Il y a eu trop de cas de m\u00e9langes de comptes priv\u00e9s et professionnels.<\/li><li>Les applications que nous mettons \u00e0 disposition sont achet\u00e9es en grand nombre, donc pour un prix nettement inf\u00e9rieur que si vous achetiez cela vous-m\u00eame avec votre budget de classe. De plus, le jour o\u00f9 vous rendez votre tablette, les applications li\u00e9es \u00e0 votre compte sont perdues.<\/li><li>Plusieurs tablettes non configur\u00e9es ont \u00e9t\u00e9 rendues inutilisables par des installations hasardeuses et sont irr\u00e9cup\u00e9rables.<\/li><\/ul><\/div><\/div><\/div><div class=\"ea-card sp-ea-single\"><h3 class=\"ea-header\"><a class=\"collapsed\" id=\"ea-header-38716\" role=\"button\" data-sptoggle=\"spcollapse\" data-sptarget=\"#collapse38716\" aria-controls=\"collapse38716\" href=\"#\" aria-expanded=\"false\" tabindex=\"0\"><i aria-hidden=\"true\" role=\"presentation\" class=\"ea-expand-icon eap-icon-ea-expand-plus\"><\/i> J'ai des tablettes priv\u00e9es. Peuvent-elles \u00eatre int\u00e9gr\u00e9es au serveur ?<\/a><\/h3><div class=\"sp-collapse spcollapse spcollapse\" id=\"collapse38716\" data-parent=\"#sp-ea-387\" role=\"region\" aria-labelledby=\"ea-header-38716\"> <div class=\"ea-body\"><p>Non. Nous ne g\u00e9rons pas les tablettes priv\u00e9es.<\/p><\/div><\/div><\/div><div class=\"ea-card sp-ea-single\"><h3 class=\"ea-header\"><a class=\"collapsed\" id=\"ea-header-38717\" role=\"button\" data-sptoggle=\"spcollapse\" data-sptarget=\"#collapse38717\" aria-controls=\"collapse38717\" href=\"#\" aria-expanded=\"false\" tabindex=\"0\"><i aria-hidden=\"true\" role=\"presentation\" class=\"ea-expand-icon eap-icon-ea-expand-plus\"><\/i> J'ai r\u00e9cup\u00e9r\u00e9 un vieil IPAD qui a \u00e9t\u00e9 sorti du syst\u00e8me car trop ancien et j'ai besoin d'aide. A qui puis-je m'adresser ?<\/a><\/h3><div class=\"sp-collapse spcollapse spcollapse\" id=\"collapse38717\" data-parent=\"#sp-ea-387\" role=\"region\" aria-labelledby=\"ea-header-38717\"> <div class=\"ea-body\"><p><strong>Pas \u00e0 nous. Nous n'assurons aucun support concernant ces anciennes tablettes.<\/strong> Elles ont \u00e9t\u00e9 vid\u00e9es de tout contenu avant qu'elles vous soient remises et sont d\u00e9sormais votre propri\u00e9t\u00e9. En outre, il est <strong>hors de question que la commune rembourse quoi que ce soit<\/strong> concernant ces anciennes machines.<\/p><\/div><\/div><\/div><div class=\"ea-card sp-ea-single\"><h3 class=\"ea-header\"><a class=\"collapsed\" id=\"ea-header-38718\" role=\"button\" data-sptoggle=\"spcollapse\" data-sptarget=\"#collapse38718\" aria-controls=\"collapse38718\" href=\"#\" aria-expanded=\"false\" tabindex=\"0\"><i aria-hidden=\"true\" role=\"presentation\" class=\"ea-expand-icon eap-icon-ea-expand-plus\"><\/i> J'ai une question concernant l'attribution des tablettes qui n'est pas dans la liste. Que faire ?<\/a><\/h3><div class=\"sp-collapse spcollapse spcollapse\" id=\"collapse38718\" data-parent=\"#sp-ea-387\" role=\"region\" aria-labelledby=\"ea-header-38718\"> <div class=\"ea-body\"><p>C1-C2 : prenez contact avec Pierre-Gilles Pochon<\/p><p>C3 : prenez contact avec David Matthey.<\/p><\/div><\/div><\/div><\/div><\/div>\n","protected":false},"excerpt":{"rendered":"","protected":false},"author":2,"featured_media":0,"parent":0,"menu_order":0,"comment_status":"closed","ping_status":"closed","template":"","meta":{"_view_id":"","footnotes":""},"class_list":["post-388","page","type-page","status-publish","hentry"],"_links":{"self":[{"href":"https:\/\/csvrforms.ch\/index.php?rest_route=\/wp\/v2\/pages\/388","targetHints":{"allow":["GET"]}}],"collection":[{"href":"https:\/\/csvrforms.ch\/index.php?rest_route=\/wp\/v2\/pages"}],"about":[{"href":"https:\/\/csvrforms.ch\/index.php?rest_route=\/wp\/v2\/types\/page"}],"author":[{"embeddable":true,"href":"https:\/\/csvrforms.ch\/index.php?rest_route=\/wp\/v2\/users\/2"}],"replies":[{"embeddable":true,"href":"https:\/\/csvrforms.ch\/index.php?rest_route=%2Fwp%2Fv2%2Fcomments&post=388"}],"version-history":[{"count":3,"href":"https:\/\/csvrforms.ch\/index.php?rest_route=\/wp\/v2\/pages\/388\/revisions"}],"predecessor-version":[{"id":597,"href":"https:\/\/csvrforms.ch\/index.php?rest_route=\/wp\/v2\/pages\/388\/revisions\/597"}],"wp:attachment":[{"href":"https:\/\/csvrforms.ch\/index.php?rest_route=%2Fwp%2Fv2%2Fmedia&parent=388"}],"curies":[{"name":"wp","href":"https:\/\/api.w.org\/{rel}","templated":true}]}}