{"id":384,"date":"2023-07-29T15:43:00","date_gmt":"2023-07-29T13:43:00","guid":{"rendered":"https:\/\/csvrforms.ch\/?page_id=384"},"modified":"2025-10-26T11:11:26","modified_gmt":"2025-10-26T10:11:26","slug":"faq-applications-sur-les-tablettes","status":"publish","type":"page","link":"https:\/\/csvrforms.ch\/?page_id=384","title":{"rendered":"FAQ applications sur les tablettes CSVRTAB"},"content":{"rendered":"<style>#sp-ea-382 .spcollapsing { height: 0; overflow: hidden; transition-property: height;transition-duration: 300ms;}#sp-ea-382.sp-easy-accordion>.sp-ea-single {margin-bottom: 10px; border: 1px solid #e2e2e2; }#sp-ea-382.sp-easy-accordion>.sp-ea-single>.ea-header a {color: #444;}#sp-ea-382.sp-easy-accordion>.sp-ea-single>.sp-collapse>.ea-body {background: #fff; color: #444;}#sp-ea-382.sp-easy-accordion>.sp-ea-single {background: #eee;}#sp-ea-382.sp-easy-accordion>.sp-ea-single>.ea-header a .ea-expand-icon { float: left; color: #444;font-size: 16px;}<\/style><div id=\"sp_easy_accordion-1690634868\"><div id=\"sp-ea-382\" class=\"sp-ea-one sp-easy-accordion\" data-ea-active=\"ea-click\" data-ea-mode=\"vertical\" data-preloader=\"\" data-scroll-active-item=\"\" data-offset-to-scroll=\"0\"><div class=\"ea-card sp-ea-single\"><h3 class=\"ea-header\"><a class=\"collapsed\" id=\"ea-header-3820\" role=\"button\" data-sptoggle=\"spcollapse\" data-sptarget=\"#collapse3820\" aria-controls=\"collapse3820\" href=\"#\" aria-expanded=\"false\" tabindex=\"0\"><i aria-hidden=\"true\" role=\"presentation\" class=\"ea-expand-icon eap-icon-ea-expand-plus\"><\/i> Quelles sont les applications pr\u00e9sentes sur les tablettes du CSVR ?<\/a><\/h3><div class=\"sp-collapse spcollapse spcollapse\" id=\"collapse3820\" data-parent=\"#sp-ea-382\" role=\"region\" aria-labelledby=\"ea-header-3820\"> <div class=\"ea-body\"><p>Les applications install\u00e9es d\u00e9pendent de votre cycle d'enseignement et d'\u00e9ventuelles configurations particuli\u00e8res.<\/p><p>La plupart des apps peuvent \u00eatre utilis\u00e9es sans Wi-Fi. L'immense majorit\u00e9 d'entre-elles a \u00e9t\u00e9 test\u00e9e et valid\u00e9e par l'\u00e9quipe API cantonale (api.ceras.ch).<\/p><p>Les applications gratuites, libres de publicit\u00e9s et respectueuses de nos donn\u00e9es sont favoris\u00e9es.<\/p><p>Une br\u00e8ve description de chaque application se trouve dans le kiosque RPN (taper sur l'ic\u00f4ne de l'app). Les applications peuvent \u00eatre tri\u00e9es par branche ou par degr\u00e9 en utilisant le menu en haut \u00e0 gauche.<\/p><\/div><\/div><\/div><div class=\"ea-card sp-ea-single\"><h3 class=\"ea-header\"><a class=\"collapsed\" id=\"ea-header-3821\" role=\"button\" data-sptoggle=\"spcollapse\" data-sptarget=\"#collapse3821\" aria-controls=\"collapse3821\" href=\"#\" aria-expanded=\"false\" tabindex=\"0\"><i aria-hidden=\"true\" role=\"presentation\" class=\"ea-expand-icon eap-icon-ea-expand-plus\"><\/i> Comment puis-je savoir si la tablette a la bonne configuration pour mon cycle ?<\/a><\/h3><div class=\"sp-collapse spcollapse spcollapse\" id=\"collapse3821\" data-parent=\"#sp-ea-382\" role=\"region\" aria-labelledby=\"ea-header-3821\"> <div class=\"ea-body\"><p>Il existe sept configurations principales :<\/p><p><strong>1\u00e8re-2e + C1<\/strong> : pour les classes de 1\u00e8re-2e<\/p><p><strong>C1 :<\/strong> pour les classes du C1<\/p><p><strong>C2 :<\/strong> pour les classes du C2<\/p><p><strong>C1+C2 :<\/strong> pour les classes \u00e0 cheval sur les 2 cycles ou les \u00e9quipes ressource.<\/p><p><strong>C3 :<\/strong> pour les classes du C3<\/p><p><strong>C3+FS :<\/strong> pour les classes FS du C3 \/ Le SOP C3<\/p><p><strong>CSVR API : <\/strong>ces iPads sont remis personnellement \u00e0 des \u00e9l\u00e8ves par la r\u00e9f\u00e9rente API, ils contiennent les apps API officielles<\/p><p>Comment les rep\u00e9rer :<\/p><p><strong>1\u00e8re-2e + C1<\/strong> : sur le bureau de la tablette, se trouve\u00a0 un dossier 1-2<\/p><p><strong>C1 :<\/strong> dans le dossier fran\u00e7ais, vous devriez avoir les applications \"j'\u00e9cris\"<\/p><p><strong>C2 :<\/strong> dans le dossier math, vous devriez avoir \"sushi monster\"<\/p><p><strong>C1+C2 :<\/strong> les 2 applications pr\u00e9c\u00e9dentes sont pr\u00e9sentes.<\/p><p><strong>C3 : <\/strong>dans le dossier sciences, se trouve \"le corps humain virtuel\"<\/p><p><strong>C3+FS : <\/strong>en plus des apps C3, vous trouvez dans le dossier math l'app trigonom\u00e9trie.<\/p><p>&nbsp;<\/p><p>Si vous avez obtenu une config erron\u00e9e ou incompl\u00e8te ou si vous ne avez besoin de savoir quelle est votre config,\u00a0 prenez contact avec David ou Pierre-Gilles.<\/p><p>&nbsp;<\/p><p>Les configurations sont attribu\u00e9es selon les renseignements trouv\u00e9s sur Pronote et seront modifi\u00e9es si vous changez de cycle en fin d'ann\u00e9e.<\/p><\/div><\/div><\/div><div class=\"ea-card sp-ea-single\"><h3 class=\"ea-header\"><a class=\"collapsed\" id=\"ea-header-3822\" role=\"button\" data-sptoggle=\"spcollapse\" data-sptarget=\"#collapse3822\" aria-controls=\"collapse3822\" href=\"#\" aria-expanded=\"false\" tabindex=\"0\"><i aria-hidden=\"true\" role=\"presentation\" class=\"ea-expand-icon eap-icon-ea-expand-plus\"><\/i> Puis-je installer moi-m\u00eame des applications ?<\/a><\/h3><div class=\"sp-collapse spcollapse spcollapse\" id=\"collapse3822\" data-parent=\"#sp-ea-382\" role=\"region\" aria-labelledby=\"ea-header-3822\"> <div class=\"ea-body\"><p>Les enseignant-e-s peuvent installer <strong>des applications pr\u00e9sentes dans le kiosque RPN<\/strong> (avec un mot de passe)<\/p><p>Une br\u00e8ve description de chaque application se trouve dans le kiosque RPN (taper sur l'ic\u00f4ne de l'app). Les applications peuvent \u00eatre tri\u00e9es par branche ou par degr\u00e9 en utilisant le menu en haut \u00e0 gauche.<\/p><p>Les \u00e9l\u00e8ves n'ont pas le droit d'installer des applications.<\/p><p>Il n'est pas possible d'installer des applications depuis l'Apple Store. Vous ne pouvez pas en acheter vous-m\u00eame et les mettre sur la tablette.<\/p><p>DANS TOUS LES CAS, EVITEZ D'INSTALLER A TOUT VA. Vous satureriez rapidement votre tablette.<\/p><\/div><\/div><\/div><div class=\"ea-card sp-ea-single\"><h3 class=\"ea-header\"><a class=\"collapsed\" id=\"ea-header-3823\" role=\"button\" data-sptoggle=\"spcollapse\" data-sptarget=\"#collapse3823\" aria-controls=\"collapse3823\" href=\"#\" aria-expanded=\"false\" tabindex=\"0\"><i aria-hidden=\"true\" role=\"presentation\" class=\"ea-expand-icon eap-icon-ea-expand-plus\"><\/i> Je n'arrive pas \u00e0 acc\u00e9der \u00e0 l'App Store<\/a><\/h3><div class=\"sp-collapse spcollapse spcollapse\" id=\"collapse3823\" data-parent=\"#sp-ea-382\" role=\"region\" aria-labelledby=\"ea-header-3823\"> <div class=\"ea-body\"><p><strong>Les tablettes g\u00e9r\u00e9es n'ont pas acc\u00e8s \u00e0 l'App store<\/strong>. Il n'est pas possible de faire \"son march\u00e9\" soi-m\u00eame (exactement comme sur les PC RPN, o\u00f9 on ne peut pas installer tout ce qu'on veut).<\/p><p>Les enseignant-e-s peuvent par contre installer des apps via le kiosque RPN (ic\u00f4ne sur le bureau de la tablette). Ce sont des applications test\u00e9es et d\u00e9j\u00e0 pay\u00e9es par le cercle.<\/p><\/div><\/div><\/div><div class=\"ea-card sp-ea-single\"><h3 class=\"ea-header\"><a class=\"collapsed\" id=\"ea-header-3824\" role=\"button\" data-sptoggle=\"spcollapse\" data-sptarget=\"#collapse3824\" aria-controls=\"collapse3824\" href=\"#\" aria-expanded=\"false\" tabindex=\"0\"><i aria-hidden=\"true\" role=\"presentation\" class=\"ea-expand-icon eap-icon-ea-expand-plus\"><\/i> On me demande un mot de passe pour acc\u00e9der au kiosque RPN. Le code d'entr\u00e9e de l'IPAD ne fonctionne pas ? Quel est le mot de passe ?<\/a><\/h3><div class=\"sp-collapse spcollapse spcollapse\" id=\"collapse3824\" data-parent=\"#sp-ea-382\" role=\"region\" aria-labelledby=\"ea-header-3824\"> <div class=\"ea-body\"><p>Les \u00e9l\u00e8ves n'ont pas le droit d'installer eux-m\u00eames des programmes. Le mot de passe est fourni aux enseignant-e-s lorsqu'ils re\u00e7oivent la tablette.<\/p><p>Les explications des r\u00e8gles de mots de passe se trouvent sur Pronote, dans les casiers de documents r\u00e9serv\u00e9s aux enseignant-e-s.<\/p><\/div><\/div><\/div><div class=\"ea-card sp-ea-single\"><h3 class=\"ea-header\"><a class=\"collapsed\" id=\"ea-header-3825\" role=\"button\" data-sptoggle=\"spcollapse\" data-sptarget=\"#collapse3825\" aria-controls=\"collapse3825\" href=\"#\" aria-expanded=\"false\" tabindex=\"0\"><i aria-hidden=\"true\" role=\"presentation\" class=\"ea-expand-icon eap-icon-ea-expand-plus\"><\/i> O\u00f9 trouver un descriptif des applications du kiosque ?<\/a><\/h3><div class=\"sp-collapse spcollapse spcollapse\" id=\"collapse3825\" data-parent=\"#sp-ea-382\" role=\"region\" aria-labelledby=\"ea-header-3825\"> <div class=\"ea-body\"><p>Dans le kiosque, tapez sur l'image de l'application. Un descriptif s'affiche.<\/p><\/div><\/div><\/div><div class=\"ea-card sp-ea-single\"><h3 class=\"ea-header\"><a class=\"collapsed\" id=\"ea-header-3826\" role=\"button\" data-sptoggle=\"spcollapse\" data-sptarget=\"#collapse3826\" aria-controls=\"collapse3826\" href=\"#\" aria-expanded=\"false\" tabindex=\"0\"><i aria-hidden=\"true\" role=\"presentation\" class=\"ea-expand-icon eap-icon-ea-expand-plus\"><\/i> Comment installer des apps moi-m\u00eame ?<\/a><\/h3><div class=\"sp-collapse spcollapse spcollapse\" id=\"collapse3826\" data-parent=\"#sp-ea-382\" role=\"region\" aria-labelledby=\"ea-header-3826\"> <div class=\"ea-body\"><p>En passant par le \"kiosque RPN\".<\/p><p>Cette action est r\u00e9serv\u00e9e aux enseignant-e-s et n\u00e9cessite le compte et le mot de passe fournis sur la feuille qui accompagnait la machine.<\/p><p>En cas de perte de cette feuille (\u00e7a, c'est PAS BIEN DU TOUT question s\u00e9curit\u00e9...) veuillez vous adresser \u00e0 Pierre-Gilles Pochon ou David Matthey.<\/p><p>Un <a href=\"https:\/\/www.rpn.ch\/Stockage\/Public\/Video\/Cercle\/CSVR\/IpadInstAppCSVR.mp4\" target=\"_blank\" rel=\"noopener\">tuto vid\u00e9o<\/a> est disponible pour vous montrer comment faire.<\/p><\/div><\/div><\/div><div class=\"ea-card sp-ea-single\"><h3 class=\"ea-header\"><a class=\"collapsed\" id=\"ea-header-3827\" role=\"button\" data-sptoggle=\"spcollapse\" data-sptarget=\"#collapse3827\" aria-controls=\"collapse3827\" href=\"#\" aria-expanded=\"false\" tabindex=\"0\"><i aria-hidden=\"true\" role=\"presentation\" class=\"ea-expand-icon eap-icon-ea-expand-plus\"><\/i> J'ai install\u00e9 une application mais je ne trouve pas son ic\u00f4ne sur le bureau<\/a><\/h3><div class=\"sp-collapse spcollapse spcollapse\" id=\"collapse3827\" data-parent=\"#sp-ea-382\" role=\"region\" aria-labelledby=\"ea-header-3827\"> <div class=\"ea-body\"><p>La plupart du temps, les ic\u00f4nes se rangent automatiquement dans les divers dossiers (math, allemand, SHS, etc.)<\/p><p>Parfois, un red\u00e9marrage de la tablette est n\u00e9cessaire pour que tout s'affiche correctement.<\/p><p>Enfin, dans le cas d'un Wi-Fi peu performant, il est possible qu'il faille appuyer une deuxi\u00e8me fois sur le bouton \"installer\".<\/p><p>Evitez aussi d'avoir plusieurs fois la page \"kiosque RPN Vmware airwatch\" ouverte dans votre navigateur.<\/p><\/div><\/div><\/div><div class=\"ea-card sp-ea-single\"><h3 class=\"ea-header\"><a class=\"collapsed\" id=\"ea-header-3828\" role=\"button\" data-sptoggle=\"spcollapse\" data-sptarget=\"#collapse3828\" aria-controls=\"collapse3828\" href=\"#\" aria-expanded=\"false\" tabindex=\"0\"><i aria-hidden=\"true\" role=\"presentation\" class=\"ea-expand-icon eap-icon-ea-expand-plus\"><\/i> L'application Phonowriter est bien install\u00e9e, mais je ne peux pas utiliser le clavier Phonowriter.<\/a><\/h3><div class=\"sp-collapse spcollapse spcollapse\" id=\"collapse3828\" data-parent=\"#sp-ea-382\" role=\"region\" aria-labelledby=\"ea-header-3828\"> <div class=\"ea-body\"><p>Il faut faire (une fois) une petite manipulation pour installer le clavier.<\/p><p>Allez dans r\u00e9glages, g\u00e9n\u00e9ral, clavier, claviers, ajouter un clavier, et s\u00e9lectionnez Phonowriter dans \"claviers tierce partie\".<\/p><p><a href=\"https:\/\/www.rpn.ch\/Stockage\/Public\/Video\/Cercle\/CSVR\/ClavierIPAD.mp4\">Tuto vid\u00e9o<\/a><\/p><p>Vous pourrez ensuite choisir Phonowriter en appuyant sur la touche \"Terre\" \u00e0 gauche de votre barre d'espace.<\/p><\/div><\/div><\/div><div class=\"ea-card sp-ea-single\"><h3 class=\"ea-header\"><a class=\"collapsed\" id=\"ea-header-3829\" role=\"button\" data-sptoggle=\"spcollapse\" data-sptarget=\"#collapse3829\" aria-controls=\"collapse3829\" href=\"#\" aria-expanded=\"false\" tabindex=\"0\"><i aria-hidden=\"true\" role=\"presentation\" class=\"ea-expand-icon eap-icon-ea-expand-plus\"><\/i> J'aimerais installer des langues dans Google Traduction pour aider des \u00e9l\u00e8ves allophones<\/a><\/h3><div class=\"sp-collapse spcollapse spcollapse\" id=\"collapse3829\" data-parent=\"#sp-ea-382\" role=\"region\" aria-labelledby=\"ea-header-3829\"> <div class=\"ea-body\"><p>C'est tout \u00e0 fait possible.<\/p><p>&nbsp;<\/p><p>Si la traduction vocale n\u00e9cessite une connexion Internet, les traductions de textes \u00e9crits peuvent se faire en mode non-connect\u00e9 pour autant que les langues concern\u00e9es aient \u00e9t\u00e9 t\u00e9l\u00e9charg\u00e9es auparavant.<\/p><p><a href=\"https:\/\/www.rpn.ch\/Stockage\/Public\/Video\/Cercle\/CSVR\/GoogleTrad.mp4\">Tuto vid\u00e9o<\/a><\/p><\/div><\/div><\/div><div class=\"ea-card sp-ea-single\"><h3 class=\"ea-header\"><a class=\"collapsed\" id=\"ea-header-38210\" role=\"button\" data-sptoggle=\"spcollapse\" data-sptarget=\"#collapse38210\" aria-controls=\"collapse38210\" href=\"#\" aria-expanded=\"false\" tabindex=\"0\"><i aria-hidden=\"true\" role=\"presentation\" class=\"ea-expand-icon eap-icon-ea-expand-plus\"><\/i> J'aimerais changer la mani\u00e8re dont les applications s'affichent et se rangent sur le bureau, changer les dossiers.<\/a><\/h3><div class=\"sp-collapse spcollapse spcollapse\" id=\"collapse38210\" data-parent=\"#sp-ea-382\" role=\"region\" aria-labelledby=\"ea-header-38210\"> <div class=\"ea-body\"><p>Ce n'est pas possible. Pour une question de coh\u00e9rence, les dossiers sont les m\u00eames sur toutes les tablettes.<\/p><\/div><\/div><\/div><div class=\"ea-card sp-ea-single\"><h3 class=\"ea-header\"><a class=\"collapsed\" id=\"ea-header-38211\" role=\"button\" data-sptoggle=\"spcollapse\" data-sptarget=\"#collapse38211\" aria-controls=\"collapse38211\" href=\"#\" aria-expanded=\"false\" tabindex=\"0\"><i aria-hidden=\"true\" role=\"presentation\" class=\"ea-expand-icon eap-icon-ea-expand-plus\"><\/i> Puis-je d\u00e9sinstaller des applications ?<\/a><\/h3><div class=\"sp-collapse spcollapse spcollapse\" id=\"collapse38211\" data-parent=\"#sp-ea-382\" role=\"region\" aria-labelledby=\"ea-header-38211\"> <div class=\"ea-body\"><p>Pas n'importe lesquelles. De mani\u00e8re g\u00e9n\u00e9rale, les applications install\u00e9es par vous depuis le kiosque peuvent \u00eatre d\u00e9sinstall\u00e9es (en passant par r\u00e9glages, g\u00e9n\u00e9ral, stockage IPAD). La plupart des applications install\u00e9es par d\u00e9faut ne peuvent \u00eatre d\u00e9sinstall\u00e9es que depuis le serveur.<\/p><\/div><\/div><\/div><div class=\"ea-card sp-ea-single\"><h3 class=\"ea-header\"><a class=\"collapsed\" id=\"ea-header-38212\" role=\"button\" data-sptoggle=\"spcollapse\" data-sptarget=\"#collapse38212\" aria-controls=\"collapse38212\" href=\"#\" aria-expanded=\"false\" tabindex=\"0\"><i aria-hidden=\"true\" role=\"presentation\" class=\"ea-expand-icon eap-icon-ea-expand-plus\"><\/i> Puis-je sugg\u00e9rer des applications qui me sembleraient utiles ? A quoi faut-il faire attention ?<\/a><\/h3><div class=\"sp-collapse spcollapse spcollapse\" id=\"collapse38212\" data-parent=\"#sp-ea-382\" role=\"region\" aria-labelledby=\"ea-header-38212\"> <div class=\"ea-body\"><p>Pour les propositions, <a href=\"https:\/\/csvrforms.ch\/?page_id=539\" target=\"_blank\" rel=\"noopener\">un formulaire<\/a> r\u00e9serv\u00e9 aux enseignant-e-s est disponible via un raccourci sur la tablette (\"test app\", connexion Internet n\u00e9cessaire).<\/p><p>&nbsp;<\/p><p><strong>Avec toute suggestion, il convient de se poser plusieurs questions :<\/strong><\/p><p>&nbsp;<\/p><ul><li>L'application est-elle en phase avec les apprentissages du PER et les m\u00e9thodologies romandes ?<\/li><li>L'application est-elle adapt\u00e9e aux \u00e9l\u00e8ves suisses romands (langue, type d'\u00e9criture cursive, etc...)<\/li><li>Permet-elle si besoin la cr\u00e9ation de plusieurs comptes pour que chaque \u00e9l\u00e8ve puisse tour \u00e0 tour se connecter?<\/li><li>Ces comptes sont-ils stock\u00e9s sur l'IPAD (ok) ou sont-ils h\u00e9berg\u00e9s sur un serveur externe (pas ok, probl\u00e8me de protection des donn\u00e9es).<\/li><li>Y a-t-il un \"suivi\", pouvez-vous voir ce que les \u00e9l\u00e8ves ont fait et\/ou leurs r\u00e9sultats ?<\/li><li>Quelle est la dur\u00e9e de vie ? (combien de temps les \u00e9l\u00e8ves passeront-ils dessus avant que \"ce soit fini\")?<\/li><li>Est-ce que d'autres apps d\u00e9j\u00e0 pr\u00e9sentes ont la m\u00eame fonction ? <strong>Si oui, on utilise les apps pr\u00e9sentes<\/strong>. (Il n'est pas n\u00e9cessaire, par exemple, d'avoir 8 apps diff\u00e9rentes pour r\u00e9p\u00e9ter ses tables de multiplication...)<\/li><li>Une connexion Internet est-elle n\u00e9cessaire ? Dans la mesure du possible, les apps fonctionnant \"hors ligne\" doivent \u00eatre privil\u00e9gi\u00e9es.<\/li><li>Y a-t-il des publicit\u00e9s? De quelle nature ? Si une app gratuite nous vante juste sa version payante, ce n'est pas trop grave. Si les publicit\u00e9s apparaissent pour d'autres produits, c'est \u00e0 \u00e9viter.<\/li><\/ul><p><strong>Si ces questions ont des r\u00e9ponses favorables, nous recevrons volontiers vos propositions.<\/strong><\/p><p>De notre c\u00f4t\u00e9, nous allons devoir nous aussi r\u00e9pondre \u00e0 des questions et faire des tests.<\/p><ul><li>V\u00e9rification des points ci-dessus.<\/li><li>L'application est-elle compatible avec la protection des donn\u00e9es ou livre-t-elle des donn\u00e9es confidentielles aux \u00e9diteurs ?<\/li><li>L'application est-elle payante ? Si oui, son \u00e9ventuel achat d\u00e9pendra d'un budget communal.<\/li><li>A quel-s degre-s l'application sera-t-elle propos\u00e9e ?<\/li><li>Sera-t-elle install\u00e9e automatiquement ou sur demande ?<\/li><\/ul><p>Apr\u00e8s tout ce chemin, votre proposition pourra \u00eatre ajout\u00e9e aux 260 tablettes du cercle.<\/p><p>Veuillez prendre note que tout ceci peut prendre du temps...<\/p><p>Merci de votre collaboration.<\/p><\/div><\/div><\/div><div class=\"ea-card sp-ea-single\"><h3 class=\"ea-header\"><a class=\"collapsed\" id=\"ea-header-38213\" role=\"button\" data-sptoggle=\"spcollapse\" data-sptarget=\"#collapse38213\" aria-controls=\"collapse38213\" href=\"#\" aria-expanded=\"false\" tabindex=\"0\"><i aria-hidden=\"true\" role=\"presentation\" class=\"ea-expand-icon eap-icon-ea-expand-plus\"><\/i> Je suis dispos\u00e9-e \u00e0 tester de nouvelles applications qui ne se trouvent pas sur les CSVRTAB. A qui puis-je m'adresser ?<\/a><\/h3><div class=\"sp-collapse spcollapse spcollapse\" id=\"collapse38213\" data-parent=\"#sp-ea-382\" role=\"region\" aria-labelledby=\"ea-header-38213\"> <div class=\"ea-body\"><p>Merci de votre int\u00e9r\u00eat. Tout-e enseignant-e qui a pris en charge une CSVRTAB peut participer \u00e0 des tests. Contactez :<\/p><p>C1-C2 : Pierre-Gilles Pochon<\/p><p>C3 : David Matthey<\/p><p>en leur pr\u00e9cisant le num\u00e9ro de votre IPAD (CSVRTABXXX)<\/p><p>Vous serez int\u00e9gr\u00e9-e au groupe des testeuses et testeurs et nous pousserons de nouvelles applications vers votre tablette pour que vous puissiez les \u00e9valuer (id\u00e9alement avec vos \u00e9l\u00e8ves, en situation). Vous nous communiquerez vos r\u00e9sultats via le <a href=\"https:\/\/csvrforms.ch\/?page_id=539\">formulaire<\/a> \"test app\" pr\u00e9sent sur le bureau de votre IPAD. Nous analyserons ensuite vos r\u00e9ponses.<\/p><p>Veuillez prendre note que la proc\u00e9dure de validation d'une app est complexe, qu'elle peut prendre du temps et que son d\u00e9ploiement d\u00e9pend (si l'app est payante) du budget communal.<\/p><p>Merci d'avance de votre collaboration.<\/p><p>&nbsp;<\/p><p>&nbsp;<\/p><\/div><\/div><\/div><div class=\"ea-card sp-ea-single\"><h3 class=\"ea-header\"><a class=\"collapsed\" id=\"ea-header-38214\" role=\"button\" data-sptoggle=\"spcollapse\" data-sptarget=\"#collapse38214\" aria-controls=\"collapse38214\" href=\"#\" aria-expanded=\"false\" tabindex=\"0\"><i aria-hidden=\"true\" role=\"presentation\" class=\"ea-expand-icon eap-icon-ea-expand-plus\"><\/i> Pourquoi toutes les tablettes n'ont elles pas exactement les m\u00eames applications ?<\/a><\/h3><div class=\"sp-collapse spcollapse spcollapse\" id=\"collapse38214\" data-parent=\"#sp-ea-382\" role=\"region\" aria-labelledby=\"ea-header-38214\"> <div class=\"ea-body\"><p>Les packs de base changent selon votre degr\u00e9s d'enseignement.<\/p><p>Dans le <strong>kiosque RPN<\/strong> se trouvent un certain nombre d'applications que les coll\u00e8gues peuvent installer s'ils en ont l'utilit\u00e9.(mot de passe n\u00e9cessaire)\u00a0 Le catalogue du kiosque RPN est diff\u00e9rent pour chaque configuration<\/p><p>Si vous avez install\u00e9 des apps du kiosque et qu'un coll\u00e8gue vous pr\u00eate une tablette, il est possible que lui n'ait pas install\u00e9 les m\u00eames.... A v\u00e9rifier avant de lancer vos \u00e9l\u00e8ves dans l'activit\u00e9...<\/p><\/div><\/div><\/div><div class=\"ea-card sp-ea-single\"><h3 class=\"ea-header\"><a class=\"collapsed\" id=\"ea-header-38215\" role=\"button\" data-sptoggle=\"spcollapse\" data-sptarget=\"#collapse38215\" aria-controls=\"collapse38215\" href=\"#\" aria-expanded=\"false\" tabindex=\"0\"><i aria-hidden=\"true\" role=\"presentation\" class=\"ea-expand-icon eap-icon-ea-expand-plus\"><\/i> La tablette a-t-elle une adresse mail configur\u00e9e ?<\/a><\/h3><div class=\"sp-collapse spcollapse spcollapse\" id=\"collapse38215\" data-parent=\"#sp-ea-382\" role=\"region\" aria-labelledby=\"ea-header-38215\"> <div class=\"ea-body\"><p>Non. Pour des raisons de s\u00e9curit\u00e9 (attaques informatiques), les adresses du type \"xxxtabxxx@rpn.ch\" ont toutes \u00e9t\u00e9 d\u00e9sactiv\u00e9es d\u00e8s le mois de septembre 2022. Elles ne seront pas r\u00e9activ\u00e9es.<\/p><\/div><\/div><\/div><div class=\"ea-card sp-ea-single\"><h3 class=\"ea-header\"><a class=\"collapsed\" id=\"ea-header-38216\" role=\"button\" data-sptoggle=\"spcollapse\" data-sptarget=\"#collapse38216\" aria-controls=\"collapse38216\" href=\"#\" aria-expanded=\"false\" tabindex=\"0\"><i aria-hidden=\"true\" role=\"presentation\" class=\"ea-expand-icon eap-icon-ea-expand-plus\"><\/i> Puis-je configurer ma propre adresse mail (rpn ou priv\u00e9e) sur la tablette ?<\/a><\/h3><div class=\"sp-collapse spcollapse spcollapse\" id=\"collapse38216\" data-parent=\"#sp-ea-382\" role=\"region\" aria-labelledby=\"ea-header-38216\"> <div class=\"ea-body\"><p><strong>NON. Ce n'est pas autoris\u00e9.<\/strong> N'oubliez pas que d'autres personnes utilisent la tablette donc pourraient avoir acc\u00e8s \u00e0 votre mail.<\/p><p>Vous pouvez par contre utiliser un \"webmail\", ex : mail.rpn.ch,\u00a0 SANS ENREGISTRER LE MOT DE PASSE.<\/p><\/div><\/div><\/div><div class=\"ea-card sp-ea-single\"><h3 class=\"ea-header\"><a class=\"collapsed\" id=\"ea-header-38217\" role=\"button\" data-sptoggle=\"spcollapse\" data-sptarget=\"#collapse38217\" aria-controls=\"collapse38217\" href=\"#\" aria-expanded=\"false\" tabindex=\"0\"><i aria-hidden=\"true\" role=\"presentation\" class=\"ea-expand-icon eap-icon-ea-expand-plus\"><\/i> Y a-t-il un stockage \"ICLOUD\" pour les tablettes ?<\/a><\/h3><div class=\"sp-collapse spcollapse spcollapse\" id=\"collapse38217\" data-parent=\"#sp-ea-382\" role=\"region\" aria-labelledby=\"ea-header-38217\"> <div class=\"ea-body\"><p>Non, pas de stockage ICLOUD ou autre cloud commercial.<\/p><\/div><\/div><\/div><div class=\"ea-card sp-ea-single\"><h3 class=\"ea-header\"><a class=\"collapsed\" id=\"ea-header-38218\" role=\"button\" data-sptoggle=\"spcollapse\" data-sptarget=\"#collapse38218\" aria-controls=\"collapse38218\" href=\"#\" aria-expanded=\"false\" tabindex=\"0\"><i aria-hidden=\"true\" role=\"presentation\" class=\"ea-expand-icon eap-icon-ea-expand-plus\"><\/i> J'ai une autre question concernant les applications.<\/a><\/h3><div class=\"sp-collapse spcollapse spcollapse\" id=\"collapse38218\" data-parent=\"#sp-ea-382\" role=\"region\" aria-labelledby=\"ea-header-38218\"> <div class=\"ea-body\"><p>C1-C2 : contactez Pierre-Gilles Pochon<\/p><p>C3 : contactez David Matthey<\/p><\/div><\/div><\/div><\/div><\/div>\n","protected":false},"excerpt":{"rendered":"","protected":false},"author":2,"featured_media":0,"parent":0,"menu_order":0,"comment_status":"closed","ping_status":"closed","template":"","meta":{"_view_id":"","footnotes":""},"class_list":["post-384","page","type-page","status-publish","hentry"],"_links":{"self":[{"href":"https:\/\/csvrforms.ch\/index.php?rest_route=\/wp\/v2\/pages\/384","targetHints":{"allow":["GET"]}}],"collection":[{"href":"https:\/\/csvrforms.ch\/index.php?rest_route=\/wp\/v2\/pages"}],"about":[{"href":"https:\/\/csvrforms.ch\/index.php?rest_route=\/wp\/v2\/types\/page"}],"author":[{"embeddable":true,"href":"https:\/\/csvrforms.ch\/index.php?rest_route=\/wp\/v2\/users\/2"}],"replies":[{"embeddable":true,"href":"https:\/\/csvrforms.ch\/index.php?rest_route=%2Fwp%2Fv2%2Fcomments&post=384"}],"version-history":[{"count":4,"href":"https:\/\/csvrforms.ch\/index.php?rest_route=\/wp\/v2\/pages\/384\/revisions"}],"predecessor-version":[{"id":577,"href":"https:\/\/csvrforms.ch\/index.php?rest_route=\/wp\/v2\/pages\/384\/revisions\/577"}],"wp:attachment":[{"href":"https:\/\/csvrforms.ch\/index.php?rest_route=%2Fwp%2Fv2%2Fmedia&parent=384"}],"curies":[{"name":"wp","href":"https:\/\/api.w.org\/{rel}","templated":true}]}}