{"id":380,"date":"2023-07-29T14:04:28","date_gmt":"2023-07-29T12:04:28","guid":{"rendered":"https:\/\/csvrforms.ch\/?page_id=380"},"modified":"2023-07-30T20:47:43","modified_gmt":"2023-07-30T18:47:43","slug":"faq-wi-fi","status":"publish","type":"page","link":"https:\/\/csvrforms.ch\/?page_id=380","title":{"rendered":"FAQ connexion des tablettes au r\u00e9seau"},"content":{"rendered":"<style>#sp-ea-379 .spcollapsing { height: 0; overflow: hidden; transition-property: height;transition-duration: 300ms;}#sp-ea-379.sp-easy-accordion>.sp-ea-single {margin-bottom: 10px; border: 1px solid #e2e2e2; }#sp-ea-379.sp-easy-accordion>.sp-ea-single>.ea-header a {color: #444;}#sp-ea-379.sp-easy-accordion>.sp-ea-single>.sp-collapse>.ea-body {background: #fff; color: #444;}#sp-ea-379.sp-easy-accordion>.sp-ea-single {background: #eee;}#sp-ea-379.sp-easy-accordion>.sp-ea-single>.ea-header a .ea-expand-icon { float: left; color: #444;font-size: 16px;}<\/style><div id=\"sp_easy_accordion-1690630941\"><div id=\"sp-ea-379\" class=\"sp-ea-one sp-easy-accordion\" data-ea-active=\"ea-hover\" data-ea-mode=\"vertical\" data-preloader=\"\" data-scroll-active-item=\"\" data-offset-to-scroll=\"0\"><div class=\"ea-card sp-ea-single\"><h3 class=\"ea-header\"><a class=\"collapsed\" id=\"ea-header-3790\" role=\"button\" data-sptoggle=\"spcollapse\" data-sptarget=\"#collapse3790\" aria-controls=\"collapse3790\" href=\"#\" aria-expanded=\"false\" tabindex=\"0\"><i aria-hidden=\"true\" role=\"presentation\" class=\"ea-expand-icon eap-icon-ea-expand-plus\"><\/i> Puis-je connecter ma tablette au r\u00e9seau RPN ?<\/a><\/h3><div class=\"sp-collapse spcollapse spcollapse\" id=\"collapse3790\" data-parent=\"#sp-ea-379\" role=\"region\" aria-labelledby=\"ea-header-3790\"> <div class=\"ea-body\"><p>NON. Une connexion par c\u00e2ble n'est pas possible, m\u00eame avec un adaptateur. De m\u00eame, les <strong>r\u00e9seaux Wi-Fi<\/strong> \"RPN\" ou \"ACN\" sont inaccessibles.<\/p><p><strong>Il faut utiliser \"RPN Employ\u00e9s\" (enseignant-e-s), Rpn EDU, ou \"RPN El\u00e8ves\" <\/strong>(si pr\u00e9sent)<\/p><p>Il est aussi possible d'utiliser \"<strong>FreeWi-fi.ne\"<\/strong> s'il est pr\u00e9sent.<\/p><\/div><\/div><\/div><div class=\"ea-card sp-ea-single\"><h3 class=\"ea-header\"><a class=\"collapsed\" id=\"ea-header-3791\" role=\"button\" data-sptoggle=\"spcollapse\" data-sptarget=\"#collapse3791\" aria-controls=\"collapse3791\" href=\"#\" aria-expanded=\"false\" tabindex=\"0\"><i aria-hidden=\"true\" role=\"presentation\" class=\"ea-expand-icon eap-icon-ea-expand-plus\"><\/i> Puis-je connecter ma tablette \u00e0 une borne Wi-fi RPN?<\/a><\/h3><div class=\"sp-collapse spcollapse spcollapse\" id=\"collapse3791\" data-parent=\"#sp-ea-379\" role=\"region\" aria-labelledby=\"ea-header-3791\"> <div class=\"ea-body\"><p>Tout \u00e0 fait, mais la plupart des applications install\u00e9es sur la tablette sont pr\u00e9vues pour fonctionner sans Wi-Fi<\/p><p>En pr\u00e9sence d'une borne Wi-fi RPN :<\/p><ul><li>les enseignant-e-s utiliseront le r\u00e9seau \"RPN Employ\u00e9s\" et introduiront leur authentification RPN.<\/li><li>les \u00e9l\u00e8ves utiliseront \"RPN \u00e9l\u00e8ves\" et introduiront leur authentification RPN.<\/li><li>certaines bornes diffusent un Wi-Fi \"rpn-edu\", utilisable par tous les acteurs de l'\u00e9cole<\/li><li>Les \u00e9l\u00e8ves n'ont le droit de connecter la tablette \u00e0 un r\u00e9seau qu'avec l'autorisation expresse de leur enseignant-e, pour des projets exclusivement scolaires. Des sanctions seront appliqu\u00e9es en cas d'abus.<\/li><\/ul><\/div><\/div><\/div><div class=\"ea-card sp-ea-single\"><h3 class=\"ea-header\"><a class=\"collapsed\" id=\"ea-header-3792\" role=\"button\" data-sptoggle=\"spcollapse\" data-sptarget=\"#collapse3792\" aria-controls=\"collapse3792\" href=\"#\" aria-expanded=\"false\" tabindex=\"0\"><i aria-hidden=\"true\" role=\"presentation\" class=\"ea-expand-icon eap-icon-ea-expand-plus\"><\/i> Puis-je connecter ma tablette sur un r\u00e9seau priv\u00e9 ?<\/a><\/h3><div class=\"sp-collapse spcollapse spcollapse\" id=\"collapse3792\" data-parent=\"#sp-ea-379\" role=\"region\" aria-labelledby=\"ea-header-3792\"> <div class=\"ea-body\"><p>Oui, si vous en connaissez le mot de passe. Lors de cette connexion, vous \u00eates formellement et p\u00e9nalement responsable de tout le contenu qui pourrait \u00eatre visionn\u00e9 ou charg\u00e9 sur la tablette.<\/p><\/div><\/div><\/div><div class=\"ea-card sp-ea-single\"><h3 class=\"ea-header\"><a class=\"collapsed\" id=\"ea-header-3793\" role=\"button\" data-sptoggle=\"spcollapse\" data-sptarget=\"#collapse3793\" aria-controls=\"collapse3793\" href=\"#\" aria-expanded=\"false\" tabindex=\"0\"><i aria-hidden=\"true\" role=\"presentation\" class=\"ea-expand-icon eap-icon-ea-expand-plus\"><\/i> Puis-je connecter ma tablette sur un partage de connexion (t\u00e9l\u00e9phone mobile) ?<\/a><\/h3><div class=\"sp-collapse spcollapse spcollapse\" id=\"collapse3793\" data-parent=\"#sp-ea-379\" role=\"region\" aria-labelledby=\"ea-header-3793\"> <div class=\"ea-body\"><p>C'est techniquement possible, si vous en connaissez le mot de passe.<\/p><p>Par contre, ce n'est pas autoris\u00e9 par le RPN avec des \u00e9l\u00e8ves, ou seulement dans des circonstances exceptionnelles.<\/p><p><a href=\"https:\/\/portail.rpn.ch\/administration\/rpn\/Documents\/Directive_Equipement_mobile.pdf\" target=\"_blank\" rel=\"noopener\">Directive \u00e0 ce sujet sur RPN (cf article 3)<\/a><\/p><p>L'enseignant-e qui effectuerait malgr\u00e9 tout un partage de connexion pour ses \u00e9l\u00e8ves <strong>en prend la compl\u00e8te responsabilit\u00e9<\/strong> (financi\u00e8re, l\u00e9gale et p\u00e9nale), notamment du point de vue d'\u00e9ventuels contenus choquants ou de programmes malveillants qui pourraient s'introduire dans la machine ou dans le r\u00e9seau.<\/p><p>&nbsp;<\/p><p>&nbsp;<\/p><\/div><\/div><\/div><div class=\"ea-card sp-ea-single\"><h3 class=\"ea-header\"><a class=\"collapsed\" id=\"ea-header-3794\" role=\"button\" data-sptoggle=\"spcollapse\" data-sptarget=\"#collapse3794\" aria-controls=\"collapse3794\" href=\"#\" aria-expanded=\"false\" tabindex=\"0\"><i aria-hidden=\"true\" role=\"presentation\" class=\"ea-expand-icon eap-icon-ea-expand-plus\"><\/i> Quand faut-il activer le Wi-Fi sur une tablette ?<\/a><\/h3><div class=\"sp-collapse spcollapse spcollapse\" id=\"collapse3794\" data-parent=\"#sp-ea-379\" role=\"region\" aria-labelledby=\"ea-header-3794\"> <div class=\"ea-body\"><p>Uniquement lorsqu'il est n\u00e9cessaire (connexion \u00e0 un site, mises \u00e0 jour, envoi de fichiers...)<\/p><p>Pour une question de protection des \u00e9l\u00e8ves contre les rayonnements possiblement nocifs, le Wi-fi de la tablette devrait \u00eatre d\u00e9sactiv\u00e9 lorsqu'il n'est pas utilis\u00e9.<\/p><\/div><\/div><\/div><div class=\"ea-card sp-ea-single\"><h3 class=\"ea-header\"><a class=\"collapsed\" id=\"ea-header-3795\" role=\"button\" data-sptoggle=\"spcollapse\" data-sptarget=\"#collapse3795\" aria-controls=\"collapse3795\" href=\"#\" aria-expanded=\"false\" tabindex=\"0\"><i aria-hidden=\"true\" role=\"presentation\" class=\"ea-expand-icon eap-icon-ea-expand-plus\"><\/i> Ma tablette se d\u00e9connecte de la borne WI-Fi RPN apr\u00e8s quelques heures. Est-ce normal ?<\/a><\/h3><div class=\"sp-collapse spcollapse spcollapse\" id=\"collapse3795\" data-parent=\"#sp-ea-379\" role=\"region\" aria-labelledby=\"ea-header-3795\"> <div class=\"ea-body\"><p>Oui. Les bornes RPN sont pr\u00e9vues pour d\u00e9connecter automatiquement les appareils inactifs, pour laisser de la place aux autres.<\/p><p>Le nombre d'appareils par borne \u00e9tant limit\u00e9, les terminaux inactifs sont d\u00e9connect\u00e9s.<\/p><\/div><\/div><\/div><div class=\"ea-card sp-ea-single\"><h3 class=\"ea-header\"><a class=\"collapsed\" id=\"ea-header-3796\" role=\"button\" data-sptoggle=\"spcollapse\" data-sptarget=\"#collapse3796\" aria-controls=\"collapse3796\" href=\"#\" aria-expanded=\"false\" tabindex=\"0\"><i aria-hidden=\"true\" role=\"presentation\" class=\"ea-expand-icon eap-icon-ea-expand-plus\"><\/i> J'ai emprunt\u00e9 20 terminaux et je ne parviens pas \u00e0 tous les connecter \u00e0 la fois de mani\u00e8re satisfaisante. C'est tr\u00e8s lent et des appareils se d\u00e9connectent. Que se passe-t-il ?<\/a><\/h3><div class=\"sp-collapse spcollapse spcollapse\" id=\"collapse3796\" data-parent=\"#sp-ea-379\" role=\"region\" aria-labelledby=\"ea-header-3796\"> <div class=\"ea-body\"><p>Les bornes Wi-Fi ont un nombre limit\u00e9 de connexions simultan\u00e9es.<\/p><p>En outre, la bande passante est divis\u00e9e par le nombre de terminaux connect\u00e9s. Si j'ai dix appareils connect\u00e9s \u00e0 une borne, ils navigueront dix fois plus lentement que si j'en ai un seul. Cela a une grande influence sur les activit\u00e9s gourmandes en donn\u00e9es (vid\u00e9os, t\u00e9l\u00e9chargements, applications graphiques, cloud...)<\/p><\/div><\/div><\/div><div class=\"ea-card sp-ea-single\"><h3 class=\"ea-header\"><a class=\"collapsed\" id=\"ea-header-3797\" role=\"button\" data-sptoggle=\"spcollapse\" data-sptarget=\"#collapse3797\" aria-controls=\"collapse3797\" href=\"#\" aria-expanded=\"false\" tabindex=\"0\"><i aria-hidden=\"true\" role=\"presentation\" class=\"ea-expand-icon eap-icon-ea-expand-plus\"><\/i> Mes \u00e9l\u00e8ves ont visionn\u00e9 du contenu inappropri\u00e9 sur la tablette. Que faire ?<\/a><\/h3><div class=\"sp-collapse spcollapse spcollapse\" id=\"collapse3797\" data-parent=\"#sp-ea-379\" role=\"region\" aria-labelledby=\"ea-header-3797\"> <div class=\"ea-body\"><p>Vous avez en tant qu'enseignant-e un devoir de surveillance quelles que soient les circonstances.<\/p><p>Il convient tout d'abord de s'occuper des \u00e9l\u00e8ves : sont-ils choqu\u00e9s, ont-ils besoin d'aide ? Une intervention du SME est-elle n\u00e9cessaire ? Faut-il contacter les parents ?<\/p><p>Dans un second temps, il s'agira d'\u00e9tablir les circonstances et les responsabilit\u00e9s :<\/p><ol><li>Les \u00e9l\u00e8ves ont-ils volontairement recherch\u00e9 ce contenu ?<\/li><li>Sont-ils all\u00e9s sur Internet avec votre accord ou \u00e0 votre insu ?<\/li><li>Se trouvaient-ils sur un partage de connexion non prot\u00e9g\u00e9 ou sur un Wi-Fi RPN ?<\/li><\/ol><p>Enfin, il s'agira de faire en sorte que cet incident ne se reproduise pas :<\/p><p>Si le contenu a pass\u00e9 au travers du filtre RPN, signaler ce site \u00e0 support@rpn.ch, afin qu'ils puissent le bloquer. Il est \u00e0 noter que les plateformes vid\u00e9o sont souvent complexes \u00e0 bloquer.<\/p><p>Enfin, r\u00e9fl\u00e9chir \u00e0 un mode de <strong>fonctionnement emp\u00eachant les \u00e9l\u00e8ves d'\u00eatre sans surveillance ni protection devant leur tablette connect\u00e9e \u00e0 Internet.<\/strong><\/p><p>&nbsp;<\/p><\/div><\/div><\/div><div class=\"ea-card sp-ea-single\"><h3 class=\"ea-header\"><a class=\"collapsed\" id=\"ea-header-3798\" role=\"button\" data-sptoggle=\"spcollapse\" data-sptarget=\"#collapse3798\" aria-controls=\"collapse3798\" href=\"#\" aria-expanded=\"false\" tabindex=\"0\"><i aria-hidden=\"true\" role=\"presentation\" class=\"ea-expand-icon eap-icon-ea-expand-plus\"><\/i> J'ai une question sur les connexions qui ne se trouve pas dans la liste.<\/a><\/h3><div class=\"sp-collapse spcollapse spcollapse\" id=\"collapse3798\" data-parent=\"#sp-ea-379\" role=\"region\" aria-labelledby=\"ea-header-3798\"> <div class=\"ea-body\"><p>C1-C2 : contactez Pierre-Gilles Pochon.<\/p><p>C3 : contactez David Matthey.<\/p><\/div><\/div><\/div><\/div><\/div>\n","protected":false},"excerpt":{"rendered":"","protected":false},"author":2,"featured_media":0,"parent":0,"menu_order":0,"comment_status":"closed","ping_status":"closed","template":"","meta":{"_view_id":"","footnotes":""},"class_list":["post-380","page","type-page","status-publish","hentry"],"_links":{"self":[{"href":"https:\/\/csvrforms.ch\/index.php?rest_route=\/wp\/v2\/pages\/380","targetHints":{"allow":["GET"]}}],"collection":[{"href":"https:\/\/csvrforms.ch\/index.php?rest_route=\/wp\/v2\/pages"}],"about":[{"href":"https:\/\/csvrforms.ch\/index.php?rest_route=\/wp\/v2\/types\/page"}],"author":[{"embeddable":true,"href":"https:\/\/csvrforms.ch\/index.php?rest_route=\/wp\/v2\/users\/2"}],"replies":[{"embeddable":true,"href":"https:\/\/csvrforms.ch\/index.php?rest_route=%2Fwp%2Fv2%2Fcomments&post=380"}],"version-history":[{"count":4,"href":"https:\/\/csvrforms.ch\/index.php?rest_route=\/wp\/v2\/pages\/380\/revisions"}],"predecessor-version":[{"id":431,"href":"https:\/\/csvrforms.ch\/index.php?rest_route=\/wp\/v2\/pages\/380\/revisions\/431"}],"wp:attachment":[{"href":"https:\/\/csvrforms.ch\/index.php?rest_route=%2Fwp%2Fv2%2Fmedia&parent=380"}],"curies":[{"name":"wp","href":"https:\/\/api.w.org\/{rel}","templated":true}]}}